{"id":104,"date":"2020-06-03T11:51:05","date_gmt":"2020-06-03T09:51:05","guid":{"rendered":"http:\/\/collectif-impulsion.fr\/?page_id=104"},"modified":"2025-04-29T09:27:12","modified_gmt":"2025-04-29T07:27:12","slug":"mediatheque","status":"publish","type":"page","link":"https:\/\/collectif-impulsion.fr\/index.php\/accueil\/mediatheque\/","title":{"rendered":"Impulsion, c&rsquo;est l&rsquo;\u00e9tincelle &#8230;"},"content":{"rendered":"\n<p class=\"has-drop-cap\">L\u2019impulsion, c\u2019est l\u2019\u00e9tincelle d\u2019o\u00f9 surgit l\u2019\u00e9lan cr\u00e9atif, la graine qui se d\u00e9veloppe en plante puis donne \u00e0 voir ses fleurs. C\u2019est encore l\u2019action, et se lancer sans filet\u2026 Mais l\u2019impulsion compte \u00e9galement avec les pulsions, et leur c\u00f4t\u00e9 terrien, organique\u2026<\/p>\n\n\n\n<p>IMPULSION f\u00e9d\u00e8re un collectif d\u2019artistes, essonniens, franciliens, et pour certains venant de plus loin.&nbsp; Son projet est de donner \u00e0 voir et entendre les musiques de cr\u00e9ation d\u2019aujourd\u2019hui, modernes, inventives, &nbsp;et avant tout sensibles et parlantes. Somme toute, celles qui sont le fruit de beaux m\u00e9langes : instruments et \u00e9lectronique, musique et danse, et d\u2019autres, faisant la part belle au son, \u00e0 la sensation sonore, prise dans&nbsp; une globalit\u00e9.<\/p>\n\n\n\n<figure class=\"wp-block-image size-large\"><img loading=\"lazy\" decoding=\"async\" width=\"1024\" height=\"683\" src=\"https:\/\/collectif-impulsion.fr\/wp-content\/uploads\/2020\/06\/IMG_2974-1-1-1024x683.jpg\" alt=\"\" class=\"wp-image-563\" srcset=\"https:\/\/collectif-impulsion.fr\/wp-content\/uploads\/2020\/06\/IMG_2974-1-1-1024x683.jpg 1024w, https:\/\/collectif-impulsion.fr\/wp-content\/uploads\/2020\/06\/IMG_2974-1-1-300x200.jpg 300w, https:\/\/collectif-impulsion.fr\/wp-content\/uploads\/2020\/06\/IMG_2974-1-1-768x512.jpg 768w, https:\/\/collectif-impulsion.fr\/wp-content\/uploads\/2020\/06\/IMG_2974-1-1-1536x1024.jpg 1536w, https:\/\/collectif-impulsion.fr\/wp-content\/uploads\/2020\/06\/IMG_2974-1-1-2048x1365.jpg 2048w\" sizes=\"(max-width: 1024px) 100vw, 1024px\" \/><\/figure>\n\n\n\n<div class=\"wp-block-group\"><div class=\"wp-block-group__inner-container is-layout-flow wp-block-group-is-layout-flow\">\n<!--more-->\n<\/div><\/div>\n\n\n\n<p>Au c\u0153ur des envies qui guident notre d\u00e9marche, il y a le d\u00e9sir, impulsif, compulsif de sortir d\u2019une certaine grisaille, en faisant fi des chapelles et des dogmes, en s\u2019inscrivant de mani\u00e8re ind\u00e9pendante des \u00e9coles, &nbsp;des groupes, des courants, et par la fr\u00e9quentation des autres pratiques artistiques (et leur hybridation) \u2013 danse, litt\u00e9rature, vid\u00e9o, cin\u00e9ma, arts plastiques &#8211; sous toutes formes &#8211; spectacle, installation, performance.<\/p>\n\n\n\n<p>Autre guide d\u2019IMPULSION, le d\u00e9sir de partage avec les publics. Chacun des membres du collectif a conscience de la n\u00e9cessit\u00e9 absolue de tout faire pour favoriser ce partage. En proposant des \u0153uvres en diffusion, mais aussi par des r\u00e9sidences, des actions de m\u00e9diation et de sensibilisation, en collaboration avec les partenaires des territoires, et\/ou en se saisissant des opportunit\u00e9s de lieux, d\u2019\u00e9v\u00e9nements, comme autant de passerelles pour surprendre, s\u00e9duire, convaincre\u2026<\/p>\n\n\n\n<p>Car nous avons la conviction que la musique de cr\u00e9ation, contemporaine, \u00e9lectroacoustique, d\u2019improvisation peut \u00eatre appr\u00e9ci\u00e9e par tout le monde. Bien s\u00fbr, le temps n\u2019a pas encore fait son tri\u2026 et l\u2019abord n\u2019est pas imm\u00e9diat, ni n\u2019use de conventions rebattues ; il faut donc cr\u00e9er l\u2019app\u00e9tence pour le plaisir du risque, de l\u2019aventure, pr\u00e9parer le public \u00e0 la d\u00e9couverte, l\u2019aider \u00e0 d\u00e9construire des id\u00e9es pr\u00e9con\u00e7ues sur ce qu\u2019est la musique. Car la beaut\u00e9, l\u2019\u00e9motion esth\u00e9tique, ne sont pas forc\u00e9ment l\u00e0 o\u00f9 on les attend et on peut \u00eatre touch\u00e9 diff\u00e9remment, par une grande diversit\u00e9 de formes. Cela peut \u00eatre le seul plaisir du son, le chatoiement des couleurs sonores, une certaine po\u00e9sie, une \u00e9motion pure, ou un c\u00f4t\u00e9 plus ludique du jeu entre les sons. <\/p>\n\n\n\n<p>Aujourd\u2019hui plus que jamais, nous d\u00e9fendons la pluralit\u00e9 des langages, l\u2019ouverture et le refus des dogmes, par une alliance d\u2019\u00e9nergie et de subtilit\u00e9, de rigueur et de libert\u00e9.<\/p>\n\n\n\n<figure class=\"wp-block-image size-large\"><img loading=\"lazy\" decoding=\"async\" width=\"1024\" height=\"684\" src=\"https:\/\/collectif-impulsion.fr\/wp-content\/uploads\/2025\/04\/DSC_6903-1024x684.jpg\" alt=\"\" class=\"wp-image-1650\" srcset=\"https:\/\/collectif-impulsion.fr\/wp-content\/uploads\/2025\/04\/DSC_6903-1024x684.jpg 1024w, https:\/\/collectif-impulsion.fr\/wp-content\/uploads\/2025\/04\/DSC_6903-300x200.jpg 300w, https:\/\/collectif-impulsion.fr\/wp-content\/uploads\/2025\/04\/DSC_6903-768x513.jpg 768w, https:\/\/collectif-impulsion.fr\/wp-content\/uploads\/2025\/04\/DSC_6903-1536x1025.jpg 1536w, https:\/\/collectif-impulsion.fr\/wp-content\/uploads\/2025\/04\/DSC_6903-2048x1367.jpg 2048w\" sizes=\"(max-width: 1024px) 100vw, 1024px\" \/><\/figure>\n","protected":false},"excerpt":{"rendered":"<p>L\u2019impulsion, c\u2019est l\u2019\u00e9tincelle d\u2019o\u00f9 surgit l\u2019\u00e9lan cr\u00e9atif, la graine qui se d\u00e9veloppe en plante puis donne \u00e0 voir ses fleurs. C\u2019est encore l\u2019action, et se lancer sans filet\u2026 Mais l\u2019impulsion compte \u00e9galement avec les pulsions, et leur c\u00f4t\u00e9 terrien, organique\u2026 IMPULSION f\u00e9d\u00e8re un collectif d\u2019artistes, essonniens, franciliens, et pour certains&hellip; <a class=\"read-more-link\" href=\"https:\/\/collectif-impulsion.fr\/index.php\/accueil\/mediatheque\/\">Lire la suite<\/a><\/p>\n","protected":false},"author":2,"featured_media":0,"parent":91,"menu_order":2,"comment_status":"closed","ping_status":"closed","template":"","meta":{"_EventAllDay":false,"_EventTimezone":"","_EventStartDate":"","_EventEndDate":"","_EventStartDateUTC":"","_EventEndDateUTC":"","_EventShowMap":false,"_EventShowMapLink":false,"_EventURL":"","_EventCost":"","_EventCostDescription":"","_EventCurrencySymbol":"","_EventCurrencyCode":"","_EventCurrencyPosition":"","_EventDateTimeSeparator":"","_EventTimeRangeSeparator":"","_EventOrganizerID":[],"_EventVenueID":[],"_OrganizerEmail":"","_OrganizerPhone":"","_OrganizerWebsite":"","_VenueAddress":"","_VenueCity":"","_VenueCountry":"","_VenueProvince":"","_VenueState":"","_VenueZip":"","_VenuePhone":"","_VenueURL":"","_VenueStateProvince":"","_VenueLat":"","_VenueLng":"","_VenueShowMap":false,"_VenueShowMapLink":false,"footnotes":""},"_links":{"self":[{"href":"https:\/\/collectif-impulsion.fr\/index.php\/wp-json\/wp\/v2\/pages\/104"}],"collection":[{"href":"https:\/\/collectif-impulsion.fr\/index.php\/wp-json\/wp\/v2\/pages"}],"about":[{"href":"https:\/\/collectif-impulsion.fr\/index.php\/wp-json\/wp\/v2\/types\/page"}],"author":[{"embeddable":true,"href":"https:\/\/collectif-impulsion.fr\/index.php\/wp-json\/wp\/v2\/users\/2"}],"replies":[{"embeddable":true,"href":"https:\/\/collectif-impulsion.fr\/index.php\/wp-json\/wp\/v2\/comments?post=104"}],"version-history":[{"count":4,"href":"https:\/\/collectif-impulsion.fr\/index.php\/wp-json\/wp\/v2\/pages\/104\/revisions"}],"predecessor-version":[{"id":1651,"href":"https:\/\/collectif-impulsion.fr\/index.php\/wp-json\/wp\/v2\/pages\/104\/revisions\/1651"}],"up":[{"embeddable":true,"href":"https:\/\/collectif-impulsion.fr\/index.php\/wp-json\/wp\/v2\/pages\/91"}],"wp:attachment":[{"href":"https:\/\/collectif-impulsion.fr\/index.php\/wp-json\/wp\/v2\/media?parent=104"}],"curies":[{"name":"wp","href":"https:\/\/api.w.org\/{rel}","templated":true}]}}