{"id":106,"date":"2020-06-03T11:51:47","date_gmt":"2020-06-03T09:51:47","guid":{"rendered":"http:\/\/collectif-impulsion.fr\/?page_id=106"},"modified":"2020-06-11T13:33:38","modified_gmt":"2020-06-11T11:33:38","slug":"le-collectif","status":"publish","type":"page","link":"https:\/\/collectif-impulsion.fr\/index.php\/accueil\/le-collectif\/","title":{"rendered":"Le Collectif"},"content":{"rendered":"\n<p>Constitu\u00e9 en association loi 1901, et domicili\u00e9 \u00e0 Brunoy en Essonne, le collectif IMPULSION propose en 2017\/18 une premi\u00e8re saison durant laquelle sont donn\u00e9s six concerts, dont deux avec des s\u00e9ances scolaires.<\/p>\n\n\n\n<p>La saison suivante, l\u2019association s\u2019engage dans des actions m\u00ealant interventions en milieu scolaire et universitaire, ateliers, et restitutions avec des concerts professionnels. Le collectif lance aussi un nouveau festival estival de cinq concerts-croisi\u00e8res sur une p\u00e9niche \u2013 <em><strong><a href=\"https:\/\/collectif-impulsion.fr\/index.php\/event\/festival-embarque\/\">Festival Embarque!<\/a><\/strong><\/em><\/p>\n\n\n\n<p>En 2019 le collectif d\u00e9cide de se doter d\u2019un conseil artistique et de s\u2019ouvrir plus largement sur le partage des musiques, tout en restant focalis\u00e9 sur les musiques de cr\u00e9ation.<\/p>\n\n\n\n<p>Aujourd\u2019hui, le collectif IMPULSION se propose de : <\/p>\n\n\n\n<div class=\"wp-block-group\"><div class=\"wp-block-group__inner-container is-layout-flow wp-block-group-is-layout-flow\">\n<div class=\"wp-block-group\"><div class=\"wp-block-group__inner-container is-layout-flow wp-block-group-is-layout-flow\">\n<ul><li><span style=\"color:#074762\" class=\"has-inline-color\"><strong>Donner \u00e0 \u00e9couter\/voir<\/strong> <\/span>dans le sud francilien et partout ailleurs des musiques de cr\u00e9ation (contemporaine, \u00e9lectroacoustique, mixte, improvisation libre, etc.).<\/li><\/ul>\n\n\n\n<ul><li><strong><span style=\"color:#074762\" class=\"has-inline-color\">Partager la sc\u00e8ne<\/span><\/strong> avec d\u2019autres formes artistiques &#8211;&nbsp; danse, litt\u00e9rature, vid\u00e9o, arts visuels, etc. <\/li><\/ul>\n\n\n\n<ul><li><strong><span style=\"color:#074762\" class=\"has-inline-color\">Pratiquer<\/span><\/strong><span style=\"color:#1582b1\" class=\"has-inline-color\"> <\/span>l\u2019installation, la performance, le geste artistique. <\/li><\/ul>\n\n\n\n<ul><li><strong><span style=\"color:#074762\" class=\"has-inline-color\">Sensibiliser les publics<\/span><\/strong><span style=\"color:#074560\" class=\"has-inline-color\"> <\/span>\u00e0 une v\u00e9ritable po\u00e9tique du son, m\u00ealant \u00e9nergie et subtilit\u00e9, rigueur et libert\u00e9.<\/li><\/ul>\n<\/div><\/div>\n<\/div><\/div>\n\n\n\n<p>L\u2019association d\u00e9tient une licence d&rsquo;entrepreneur du spectacle depuis juin 2018.<\/p>\n\n\n\n<p><\/p>\n","protected":false},"excerpt":{"rendered":"<p>Constitu\u00e9 en association loi 1901, et domicili\u00e9 \u00e0 Brunoy en Essonne, le collectif IMPULSION propose en 2017\/18 une premi\u00e8re saison durant laquelle sont donn\u00e9s six concerts, dont deux avec des s\u00e9ances scolaires. La saison suivante, l\u2019association s\u2019engage dans des actions m\u00ealant interventions en milieu scolaire et universitaire, ateliers, et restitutions&hellip; <a class=\"read-more-link\" href=\"https:\/\/collectif-impulsion.fr\/index.php\/accueil\/le-collectif\/\">Lire la suite<\/a><\/p>\n","protected":false},"author":2,"featured_media":599,"parent":91,"menu_order":0,"comment_status":"closed","ping_status":"closed","template":"","meta":{"_EventAllDay":false,"_EventTimezone":"","_EventStartDate":"","_EventEndDate":"","_EventStartDateUTC":"","_EventEndDateUTC":"","_EventShowMap":false,"_EventShowMapLink":false,"_EventURL":"","_EventCost":"","_EventCostDescription":"","_EventCurrencySymbol":"","_EventCurrencyCode":"","_EventCurrencyPosition":"","_EventDateTimeSeparator":"","_EventTimeRangeSeparator":"","_EventOrganizerID":[],"_EventVenueID":[],"_OrganizerEmail":"","_OrganizerPhone":"","_OrganizerWebsite":"","_VenueAddress":"","_VenueCity":"","_VenueCountry":"","_VenueProvince":"","_VenueState":"","_VenueZip":"","_VenuePhone":"","_VenueURL":"","_VenueStateProvince":"","_VenueLat":"","_VenueLng":"","_VenueShowMap":false,"_VenueShowMapLink":false,"footnotes":""},"_links":{"self":[{"href":"https:\/\/collectif-impulsion.fr\/index.php\/wp-json\/wp\/v2\/pages\/106"}],"collection":[{"href":"https:\/\/collectif-impulsion.fr\/index.php\/wp-json\/wp\/v2\/pages"}],"about":[{"href":"https:\/\/collectif-impulsion.fr\/index.php\/wp-json\/wp\/v2\/types\/page"}],"author":[{"embeddable":true,"href":"https:\/\/collectif-impulsion.fr\/index.php\/wp-json\/wp\/v2\/users\/2"}],"replies":[{"embeddable":true,"href":"https:\/\/collectif-impulsion.fr\/index.php\/wp-json\/wp\/v2\/comments?post=106"}],"version-history":[{"count":13,"href":"https:\/\/collectif-impulsion.fr\/index.php\/wp-json\/wp\/v2\/pages\/106\/revisions"}],"predecessor-version":[{"id":501,"href":"https:\/\/collectif-impulsion.fr\/index.php\/wp-json\/wp\/v2\/pages\/106\/revisions\/501"}],"up":[{"embeddable":true,"href":"https:\/\/collectif-impulsion.fr\/index.php\/wp-json\/wp\/v2\/pages\/91"}],"wp:featuredmedia":[{"embeddable":true,"href":"https:\/\/collectif-impulsion.fr\/index.php\/wp-json\/wp\/v2\/media\/599"}],"wp:attachment":[{"href":"https:\/\/collectif-impulsion.fr\/index.php\/wp-json\/wp\/v2\/media?parent=106"}],"curies":[{"name":"wp","href":"https:\/\/api.w.org\/{rel}","templated":true}]}}