{"id":123,"date":"2020-06-03T12:05:48","date_gmt":"2020-06-03T10:05:48","guid":{"rendered":"http:\/\/collectif-impulsion.fr\/?page_id=123"},"modified":"2024-07-16T20:17:30","modified_gmt":"2024-07-16T18:17:30","slug":"bureau-conseil-artistique","status":"publish","type":"page","link":"https:\/\/collectif-impulsion.fr\/index.php\/accueil\/le-collectif\/bureau-conseil-artistique\/","title":{"rendered":"Bureau"},"content":{"rendered":"\n<p>Pr\u00e9sidente : Anne V\u00e9rin<\/p>\n\n\n\n<p>Tr\u00e9sorier : Edouard Genty<\/p>\n\n\n\n<p>Secr\u00e9taire : Marc Geiller<\/p>\n\n\n\n<p><\/p>\n\n\n\n<h1>Conseil Artistique<\/h1>\n\n\n\n<p>\u00c9lu par l&rsquo;Assembl\u00e9e G\u00e9n\u00e9rale, le Conseil Artistique est actuellement compos\u00e9 de Nicolas V\u00e9rin, Michel Bertier, Nicolas Billon, Marie-H\u00e9l\u00e8ne Bernard, Paula Mesuret et Vincent Da Costa. Il participe au d\u00e9veloppement de l\u2019association et de sa communaut\u00e9. Responsable de l\u2019identit\u00e9 artistique du collectif IMPULSION, le conseil oriente les choix \u00e0 op\u00e9rer en mati\u00e8re de diffusion d\u2019\u0153uvres et d\u2019actions culturelles.<\/p>\n\n\n\n<h3 class=\"wp-block-heading\">Nicolas V\u00e9rin <\/h3>\n\n\n<div class=\"wp-block-image\">\n<figure class=\"alignright size-large is-resized\"><img loading=\"lazy\" decoding=\"async\" width=\"1024\" height=\"681\" src=\"https:\/\/collectif-impulsion.fr\/wp-content\/uploads\/2024\/06\/Nicolas-Verin-Bouv-by-MLC-serree-1024x681.jpeg\" alt=\"\" class=\"wp-image-1475\" style=\"aspect-ratio:1.3324538258575198;width:554px;height:auto\" srcset=\"https:\/\/collectif-impulsion.fr\/wp-content\/uploads\/2024\/06\/Nicolas-Verin-Bouv-by-MLC-serree-1024x681.jpeg 1024w, https:\/\/collectif-impulsion.fr\/wp-content\/uploads\/2024\/06\/Nicolas-Verin-Bouv-by-MLC-serree-300x200.jpeg 300w, https:\/\/collectif-impulsion.fr\/wp-content\/uploads\/2024\/06\/Nicolas-Verin-Bouv-by-MLC-serree-768x511.jpeg 768w, https:\/\/collectif-impulsion.fr\/wp-content\/uploads\/2024\/06\/Nicolas-Verin-Bouv-by-MLC-serree-1536x1021.jpeg 1536w, https:\/\/collectif-impulsion.fr\/wp-content\/uploads\/2024\/06\/Nicolas-Verin-Bouv-by-MLC-serree.jpeg 1803w\" sizes=\"(max-width: 1024px) 100vw, 1024px\" \/><figcaption class=\"wp-element-caption\">Cr\u00e9dit photo \u00a9 Martin Le Chevallier<\/figcaption><\/figure><\/div>\n\n\n<p>El\u00e8ve de Roger Reynolds \u00e0 l\u2019Universit\u00e9 de Californie \u00e0 San Diego o\u00f9 il a obtenu un PhD de composition, ainsi que de Pierre Schaeffer et Guy Reibel au Conservatoire de Paris, il a notamment collabor\u00e9 avec Pierre Henry, Vinko Globokar, Micha\u00ebl Levinas, Micha\u00ebl Jarrell, l&rsquo;RCAM et l&rsquo;INA-GRM. Ancr\u00e9 dans la musique \u00e9lectroacoustique, Nicolas V\u00e9rin \u00e9crit aussi des pi\u00e8ces instrumentales et de musique mixte. Son travail se fonde sur le geste musical, la vie et la morphologie du son. Nicolas V\u00e9rin pratique \u00e9galement avec plaisir l\u2019improvisation et l\u2019interpr\u00e9tation \u00e9lectroacoustique. Il enseigne la composition instrumentale et \u00e9lectroacoustique au Conservatoire Iannis Xenakis \u00e0 Evry.<\/p>\n\n\n\n<p><a href=\"http:\/\/nicolasverin.over-blog.com\/\">http:\/\/nicolasverin.over-blog.com\/<\/a><\/p>\n\n\n\n<p><a href=\"http:\/\/www.youtube.com\/@nicolasverin\/\">http:\/\/www.youtube.com\/@nicolasverin\/<\/a><\/p>\n\n\n\n<p><a href=\"http:\/\/www.nicolasverin.com\/\">http:\/\/www.nicolasverin.com\/<\/a><\/p>\n\n\n\n<p><a href=\"https:\/\/www.facebook.com\/nicolas.verin.16\">https:\/\/www.facebook.com\/nicolas.verin.16<\/a><\/p>\n\n\n\n<h3 class=\"wp-block-heading\">Marie-H\u00e9lene Bernard<\/h3>\n\n\n<div class=\"wp-block-image\">\n<figure class=\"alignright size-full is-resized\"><img loading=\"lazy\" decoding=\"async\" width=\"736\" height=\"592\" src=\"https:\/\/collectif-impulsion.fr\/wp-content\/uploads\/2024\/06\/la-vie-en-rose.jpeg\" alt=\"\" class=\"wp-image-1505\" style=\"width:557px;height:auto\" srcset=\"https:\/\/collectif-impulsion.fr\/wp-content\/uploads\/2024\/06\/la-vie-en-rose.jpeg 736w, https:\/\/collectif-impulsion.fr\/wp-content\/uploads\/2024\/06\/la-vie-en-rose-300x241.jpeg 300w\" sizes=\"(max-width: 736px) 100vw, 736px\" \/><\/figure><\/div>\n\n\n<p>Compositrice de musique instrumentale, mixte et \u00e9lectroacoustique, Marie-H\u00e9l\u00e8ne Bernard a eu ses \u0153uvre jou\u00e9es en Europe, aux \u00c9tats-Unis, en Chine, \u00e0 Taiwan, en Cor\u00e9e du Sud et au Japon&nbsp;; elle re\u00e7oit des commandes de la part de l\u2019\u00c9tat et de festivals. Son travail de cr\u00e9ation est nourri par ses voyages en Asie (elle a \u00e9t\u00e9 laur\u00e9ate de la \u00ab&nbsp;Villa M\u00e9dicis hors les murs&nbsp;\u00bb pour une r\u00e9sidence en Chine en 2003 et en Cor\u00e9e en 2013), sa pratique du&nbsp;<em>fieldrecording&nbsp;<\/em>et son int\u00e9r\u00eat pour l\u2019anthropologie. Elle aime se confronter avec d\u2019autres arts, comme la po\u00e9sie, la vid\u00e9o, les arts plastiques ou le th\u00e9\u00e2tre. Productrice radio \u00e0 France-Culture (Atelier de cr\u00e9ation&#8230;), elle a obtenu une bourse d&rsquo;aide \u00e0 la cr\u00e9ation radiophonique de la SCAM en 1992,&nbsp;en 2003,&nbsp;et&nbsp;une aide \u00e0 l\u2019\u00e9criture de podcasts radiophoniques en 2024.&nbsp;<\/p>\n\n\n\n<p><a href=\"https:\/\/www.mariehelenebernard.com\">https:\/\/www.mariehelenebernard.com<\/a><\/p>\n\n\n\n<h3 class=\"wp-block-heading\">Michel Bertier<\/h3>\n\n\n<div class=\"wp-block-image is-resized\">\n<figure class=\"alignright size-full\"><img loading=\"lazy\" decoding=\"async\" width=\"541\" height=\"635\" src=\"https:\/\/collectif-impulsion.fr\/wp-content\/uploads\/2024\/06\/Michel-B-copie.jpg\" alt=\"\" class=\"wp-image-1464\" srcset=\"https:\/\/collectif-impulsion.fr\/wp-content\/uploads\/2024\/06\/Michel-B-copie.jpg 541w, https:\/\/collectif-impulsion.fr\/wp-content\/uploads\/2024\/06\/Michel-B-copie-256x300.jpg 256w\" sizes=\"(max-width: 541px) 100vw, 541px\" \/><\/figure><\/div>\n\n\n<p><strong>Michel Bertier&nbsp;<\/strong>d\u00e9core avec ses paysages sonores imaginaires, fa\u00e7ades, ponts, toitures, halls, sous-bois, jardins\u2026 en privil\u00e9giant le son \u00e9lectroacoustique comme vecteur po\u00e9tique pour l\u2019architecture et le paysage. Il a notamment transform\u00e9 des salles de gare en voli\u00e8re imaginaire. \u00c9galement Performeur<strong>&nbsp;<\/strong>sur dispositif \u00e9lectronique il accompagne plaisamment po\u00e8tes et instrumentistes en sculptant en direct leur musicalit\u00e9 acoustique et en les lovant dans un doux bestiaire \u00e9lectronique. A \u00e9t\u00e9 responsable au d\u00e9partement de musicologie et d\u2019arts du spectacle de l\u2019Universit\u00e9 Paris-Saclay o\u00f9 il y a enseign\u00e9 les nouvelles technologies de la musique et une histoire de la musique contemporaine. Compositeur il d\u00e9fend le son comme personnage pour le th\u00e9\u00e2tre, la danse, la radio, la t\u00e9l\u00e9vision et le cirque avec entre autres Michel Dydim, Susana Lastreto, Antonio Arena, Alain Mollot, Tiina Kaartama, Adrienne Larue, Jean-Pierre Chabrol, Maguy Marin, Julie Dourdy, la cha\u00eene Canal+\u2026 et le CNRS. Sa s\u00e9rie \u00ab\u00a0All\u00f4\u00a0\u00bb, installations \u00e0 partir de sonneries de t\u00e9l\u00e9phones mobiles re-conditionn\u00e9s, surprennent par leur \u00e9vocation po\u00e9tique et leur humour lui ont valu le prix coup de c\u0153ur 2008 l\u2019entreprise Orange! Il travaille actuellement sur des mod\u00e8les de paysages sonores g\u00e9n\u00e9ratifs multicanaux sur syst\u00e8me modulaire<\/p>\n\n\n\n<p><a href=\"https:\/\/www.facebook.com\/michel.bertier.904\/\">https:\/\/www.facebook.com\/michel.bertier.904\/<\/a><\/p>\n\n\n\n<h3 class=\"wp-block-heading\">Nicolas Billon<\/h3>\n\n\n<div class=\"wp-block-image is-resized\">\n<figure class=\"alignright size-full\"><img loading=\"lazy\" decoding=\"async\" width=\"652\" height=\"678\" src=\"https:\/\/collectif-impulsion.fr\/wp-content\/uploads\/2024\/07\/20240703_162607.jpeg\" alt=\"\" class=\"wp-image-1512\" style=\"width:537px;height:auto\" srcset=\"https:\/\/collectif-impulsion.fr\/wp-content\/uploads\/2024\/07\/20240703_162607.jpeg 652w, https:\/\/collectif-impulsion.fr\/wp-content\/uploads\/2024\/07\/20240703_162607-288x300.jpeg 288w\" sizes=\"(max-width: 652px) 100vw, 652px\" \/><\/figure><\/div>\n\n\n<p>Musicien, chercheur de sons, en soliste ou en ensemble, Nicolas Billon cr\u00e9e et interpr\u00e8te la musique de nombreux spectacles de th\u00e9\u00e2tre, de contes et de danse.<\/p>\n\n\n\n<p>L\u2019improvisation musicale tient une place pr\u00e9pond\u00e9rante dans sa pratique comme technique de composition dans l\u2019instant. L\u2019\u00e9lectroacoustique \u00e9largit sa palette sonore en permettant le modelage de la mati\u00e8re musicale. Cette exp\u00e9rience nourrit son travail de p\u00e9dagogue : il anime des ateliers de musique en croisement avec des ateliers th\u00e9\u00e2tre ou cirque tous publics, pour un art au service de la cr\u00e9ativit\u00e9, de l\u2019\u00e9panouissement de la personne.<\/p>\n\n\n\n<p><\/p>\n\n\n\n<h3 class=\"wp-block-heading\">Paula Mesuret<\/h3>\n\n\n<div class=\"wp-block-image is-resized\">\n<figure class=\"alignright size-full\"><img loading=\"lazy\" decoding=\"async\" width=\"900\" height=\"864\" src=\"https:\/\/collectif-impulsion.fr\/wp-content\/uploads\/2024\/06\/Paula_22-06-24-1.jpeg\" alt=\"\" class=\"wp-image-1497\" style=\"width:537px;height:auto\" srcset=\"https:\/\/collectif-impulsion.fr\/wp-content\/uploads\/2024\/06\/Paula_22-06-24-1.jpeg 900w, https:\/\/collectif-impulsion.fr\/wp-content\/uploads\/2024\/06\/Paula_22-06-24-1-300x288.jpeg 300w, https:\/\/collectif-impulsion.fr\/wp-content\/uploads\/2024\/06\/Paula_22-06-24-1-768x737.jpeg 768w\" sizes=\"(max-width: 900px) 100vw, 900px\" \/><\/figure><\/div>\n\n\n<p>Com\u00e9dienne chanteuse, autrice et compositrice, Paula Mesuret \u00e9crit, joue, chante et&nbsp;compose pour le cin\u00e9ma, le th\u00e9\u00e2tre, la sc\u00e8ne musicale et la radio.<\/p>\n\n\n\n<p>Sa formation initiale, en art dramatique&nbsp;: \u00c9cole du Th\u00e9\u00e2tre National de Chaillot aupr\u00e8s d\u2019Antoine Vitez et Georges Aperghis.<\/p>\n\n\n\n<p>Technique vocale&nbsp;: Conservatoire National Sup\u00e9rieur de Musique et de Danse de Paris aupr\u00e8s de Robert&nbsp;Dum\u00e9. Elle s\u2019initie au chant \u00e0 capella et \u00e0 l\u2019improvisation&nbsp;( Musique&nbsp;Carnatique de l\u2019Inde du sud) avec Jean-Paul&nbsp;Auboux, enseignant au Centre de Musique Orientale de la Sorbonne Paris. Collabore en tant chanteuse, com\u00e9dienne et compositrice&nbsp;aupr\u00e8s de nombreux artistes: Florence&nbsp;Baschet&nbsp;, compositrice, (IRCAM), Fr\u00e9d\u00e9ric&nbsp;Stochl, contrebassiste (Inter- Contemporain), \u00c9tienne Rolin, compositeur,&nbsp;Giani&nbsp;Caserotto, guitariste compositeur, Eug\u00e8ne&nbsp;Durif, dramaturge et metteur-en-sc\u00e8ne. Ainsi qu\u2019aupr\u00e8s de Micha\u00ebl&nbsp;Lonsdale, G\u00e9rard&nbsp;Mordillat, &nbsp;Micha\u00ebl&nbsp;L\u00e9vinas, Philippe&nbsp;B\u00e9ziat&nbsp;r\u00e9alisateur,&nbsp;Michel&nbsp;Bertier, concepteur sonore,&nbsp;Roula&nbsp;Safar, chanteuse, guitariste et compositrice&nbsp;et Val\u00e9rie Philippin chanteuse autrice et compositrice.<\/p>\n\n\n\n<p><a href=\"https:\/\/www.paulamesuret.com\">https:\/\/www.paulamesuret.com<\/a><\/p>\n\n\n\n<h3 class=\"wp-block-heading\">Vincent Da Costa<\/h3>\n\n\n<div class=\"wp-block-image is-resized\">\n<figure class=\"alignright size-full\"><img loading=\"lazy\" decoding=\"async\" width=\"553\" height=\"747\" src=\"https:\/\/collectif-impulsion.fr\/wp-content\/uploads\/2024\/06\/IMG_2438.jpg\" alt=\"\" class=\"wp-image-1460\" style=\"width:532px;height:auto\" srcset=\"https:\/\/collectif-impulsion.fr\/wp-content\/uploads\/2024\/06\/IMG_2438.jpg 553w, https:\/\/collectif-impulsion.fr\/wp-content\/uploads\/2024\/06\/IMG_2438-222x300.jpg 222w\" sizes=\"(max-width: 553px) 100vw, 553px\" \/><\/figure><\/div>\n\n\n<p>Compositeur et p\u00e9dagogue, Vincent Da Costa est un musicien de l\u2019intime, des mondes int\u00e9rieurs. Sa recherche musicale sur les sons, les couleurs, la densit\u00e9, les forces en mouvement, s\u2019articule autour de l\u2019id\u00e9e de \u00ab&nbsp;L\u2019instabilit\u00e9 des \u00eatres face au monde&nbsp;\u00bb. Ainsi il explore l\u2019\u00e9ph\u00e9m\u00e9rit\u00e9 des choses et leurs art\u00e9facts laiss\u00e9s ou qui s\u2019\u00e9criront. Sa musique conjugue pass\u00e9 et futur an(in)t\u00e9rieurs.<\/p>\n\n\n\n<p>Ses recherches en cr\u00e9ation vont de la composition instrumentale et \u00e9lectroacoustique \u00e0 l\u2019improvisation et la po\u00e9sie.<br>Il a notamment travaill\u00e9 avec le po\u00e8te Lorand Gaspar, particip\u00e9 \u00e0 la r\u00e9daction d\u2019un ouvrage sur la diction dans la po\u00e9sie contemporaine en collaboration avec l\u2019universit\u00e9 du Mirail \u00e0 Toulouse et anim\u00e9 une conf\u00e9rence sur le th\u00e8me Musique et Texte \u00e0 l&rsquo;universit\u00e9 de Pau, aux c\u00f4t\u00e9s du po\u00e8te Lorand Gaspar, du compositeur Gyorgy Kurtag et du peintre Alexandre Hollan.<\/p>\n\n\n\n<p><a href=\"https:\/\/www.instagram.com\/vincent.daco\/\">https:\/\/www.instagram.com\/vincent.daco\/<\/a><\/p>\n\n\n\n<p><\/p>\n\n\n\n<p><\/p>\n\n\n\n<p><\/p>\n","protected":false},"excerpt":{"rendered":"<p>Pr\u00e9sidente : Anne V\u00e9rin Tr\u00e9sorier : Edouard Genty Secr\u00e9taire : Marc Geiller Conseil Artistique \u00c9lu par l&rsquo;Assembl\u00e9e G\u00e9n\u00e9rale, le Conseil Artistique est actuellement compos\u00e9 de Nicolas V\u00e9rin, Michel Bertier, Nicolas Billon, Marie-H\u00e9l\u00e8ne Bernard, Paula Mesuret et Vincent Da Costa. Il participe au d\u00e9veloppement de l\u2019association et de sa communaut\u00e9. Responsable&hellip; <a class=\"read-more-link\" href=\"https:\/\/collectif-impulsion.fr\/index.php\/accueil\/le-collectif\/bureau-conseil-artistique\/\">Lire la suite<\/a><\/p>\n","protected":false},"author":2,"featured_media":560,"parent":106,"menu_order":1,"comment_status":"closed","ping_status":"closed","template":"","meta":{"_EventAllDay":false,"_EventTimezone":"","_EventStartDate":"","_EventEndDate":"","_EventStartDateUTC":"","_EventEndDateUTC":"","_EventShowMap":false,"_EventShowMapLink":false,"_EventURL":"","_EventCost":"","_EventCostDescription":"","_EventCurrencySymbol":"","_EventCurrencyCode":"","_EventCurrencyPosition":"","_EventDateTimeSeparator":"","_EventTimeRangeSeparator":"","_EventOrganizerID":[],"_EventVenueID":[],"_OrganizerEmail":"","_OrganizerPhone":"","_OrganizerWebsite":"","_VenueAddress":"","_VenueCity":"","_VenueCountry":"","_VenueProvince":"","_VenueState":"","_VenueZip":"","_VenuePhone":"","_VenueURL":"","_VenueStateProvince":"","_VenueLat":"","_VenueLng":"","_VenueShowMap":false,"_VenueShowMapLink":false,"footnotes":""},"_links":{"self":[{"href":"https:\/\/collectif-impulsion.fr\/index.php\/wp-json\/wp\/v2\/pages\/123"}],"collection":[{"href":"https:\/\/collectif-impulsion.fr\/index.php\/wp-json\/wp\/v2\/pages"}],"about":[{"href":"https:\/\/collectif-impulsion.fr\/index.php\/wp-json\/wp\/v2\/types\/page"}],"author":[{"embeddable":true,"href":"https:\/\/collectif-impulsion.fr\/index.php\/wp-json\/wp\/v2\/users\/2"}],"replies":[{"embeddable":true,"href":"https:\/\/collectif-impulsion.fr\/index.php\/wp-json\/wp\/v2\/comments?post=123"}],"version-history":[{"count":36,"href":"https:\/\/collectif-impulsion.fr\/index.php\/wp-json\/wp\/v2\/pages\/123\/revisions"}],"predecessor-version":[{"id":1516,"href":"https:\/\/collectif-impulsion.fr\/index.php\/wp-json\/wp\/v2\/pages\/123\/revisions\/1516"}],"up":[{"embeddable":true,"href":"https:\/\/collectif-impulsion.fr\/index.php\/wp-json\/wp\/v2\/pages\/106"}],"wp:featuredmedia":[{"embeddable":true,"href":"https:\/\/collectif-impulsion.fr\/index.php\/wp-json\/wp\/v2\/media\/560"}],"wp:attachment":[{"href":"https:\/\/collectif-impulsion.fr\/index.php\/wp-json\/wp\/v2\/media?parent=123"}],"curies":[{"name":"wp","href":"https:\/\/api.w.org\/{rel}","templated":true}]}}