{"id":127,"date":"2020-06-03T12:07:51","date_gmt":"2020-06-03T10:07:51","guid":{"rendered":"http:\/\/collectif-impulsion.fr\/?page_id=127"},"modified":"2020-06-10T13:30:36","modified_gmt":"2020-06-10T11:30:36","slug":"production-diffusion","status":"publish","type":"page","link":"https:\/\/collectif-impulsion.fr\/index.php\/accueil\/le-collectif\/production-diffusion\/","title":{"rendered":"Production &#038; Diffusion"},"content":{"rendered":"\n<p>Le collectif IMPULSION propose une nouvelle po\u00e9tique musicale, marqu\u00e9e par la mobilit\u00e9, par la pluralit\u00e9 des langages, par une alliance d\u2019\u00e9nergie et de subtilit\u00e9.<\/p>\n\n\n\n<p>En qu\u00eate d\u2019exp\u00e9rimentation, de transversalit\u00e9, nos projets sont souvent pluridisciplinaires, alliant d\u2019autres formes artistiques comme la danse, la litt\u00e9rature, la vid\u00e9o, ou encore les arts visuels. Des cr\u00e9ations o\u00f9 dialogues, polarit\u00e9s, compl\u00e9mentarit\u00e9s et autres ambigu\u00eft\u00e9s structurent le discours musical. Des instants singuliers, jouant sur le spontan\u00e9 et l\u2019\u00e9crit, l&rsquo;invention en direct et les sons pr\u00e9existants.<\/p>\n\n\n\n<p>Les concerts et festivals que nous organisons sont de r\u00e9els moments de partage, caract\u00e9ris\u00e9s par une sensibilit\u00e9 particuli\u00e8re aux lieux, \u00e0 l\u2019esprit des lieux, afin qu\u2019il y ait ad\u00e9quation sinon r\u00e9sonance, entre le programme, le public, le lieu et la circonstance. Des paysages sonores, v\u00e9ritables moments d\u2019immersion ou d\u2019envol, o\u00f9 chaque performance cr\u00e9e dans l\u2018instant une forme qui a du sens, qui va vers le public, qui \u00e9tablit une communion, cr\u00e9e une aventure commune.<\/p>\n","protected":false},"excerpt":{"rendered":"<p>Le collectif IMPULSION propose une nouvelle po\u00e9tique musicale, marqu\u00e9e par la mobilit\u00e9, par la pluralit\u00e9 des langages, par une alliance d\u2019\u00e9nergie et de subtilit\u00e9. En qu\u00eate d\u2019exp\u00e9rimentation, de transversalit\u00e9, nos projets sont souvent pluridisciplinaires, alliant d\u2019autres formes artistiques comme la danse, la litt\u00e9rature, la vid\u00e9o, ou encore les arts visuels.&hellip; <a class=\"read-more-link\" href=\"https:\/\/collectif-impulsion.fr\/index.php\/accueil\/le-collectif\/production-diffusion\/\">Lire la suite<\/a><\/p>\n","protected":false},"author":2,"featured_media":557,"parent":106,"menu_order":3,"comment_status":"closed","ping_status":"closed","template":"","meta":{"_EventAllDay":false,"_EventTimezone":"","_EventStartDate":"","_EventEndDate":"","_EventStartDateUTC":"","_EventEndDateUTC":"","_EventShowMap":false,"_EventShowMapLink":false,"_EventURL":"","_EventCost":"","_EventCostDescription":"","_EventCurrencySymbol":"","_EventCurrencyCode":"","_EventCurrencyPosition":"","_EventDateTimeSeparator":"","_EventTimeRangeSeparator":"","_EventOrganizerID":[],"_EventVenueID":[],"_OrganizerEmail":"","_OrganizerPhone":"","_OrganizerWebsite":"","_VenueAddress":"","_VenueCity":"","_VenueCountry":"","_VenueProvince":"","_VenueState":"","_VenueZip":"","_VenuePhone":"","_VenueURL":"","_VenueStateProvince":"","_VenueLat":"","_VenueLng":"","_VenueShowMap":false,"_VenueShowMapLink":false,"footnotes":""},"_links":{"self":[{"href":"https:\/\/collectif-impulsion.fr\/index.php\/wp-json\/wp\/v2\/pages\/127"}],"collection":[{"href":"https:\/\/collectif-impulsion.fr\/index.php\/wp-json\/wp\/v2\/pages"}],"about":[{"href":"https:\/\/collectif-impulsion.fr\/index.php\/wp-json\/wp\/v2\/types\/page"}],"author":[{"embeddable":true,"href":"https:\/\/collectif-impulsion.fr\/index.php\/wp-json\/wp\/v2\/users\/2"}],"replies":[{"embeddable":true,"href":"https:\/\/collectif-impulsion.fr\/index.php\/wp-json\/wp\/v2\/comments?post=127"}],"version-history":[{"count":4,"href":"https:\/\/collectif-impulsion.fr\/index.php\/wp-json\/wp\/v2\/pages\/127\/revisions"}],"predecessor-version":[{"id":462,"href":"https:\/\/collectif-impulsion.fr\/index.php\/wp-json\/wp\/v2\/pages\/127\/revisions\/462"}],"up":[{"embeddable":true,"href":"https:\/\/collectif-impulsion.fr\/index.php\/wp-json\/wp\/v2\/pages\/106"}],"wp:featuredmedia":[{"embeddable":true,"href":"https:\/\/collectif-impulsion.fr\/index.php\/wp-json\/wp\/v2\/media\/557"}],"wp:attachment":[{"href":"https:\/\/collectif-impulsion.fr\/index.php\/wp-json\/wp\/v2\/media?parent=127"}],"curies":[{"name":"wp","href":"https:\/\/api.w.org\/{rel}","templated":true}]}}