{"id":145,"date":"2020-06-03T12:21:12","date_gmt":"2020-06-03T10:21:12","guid":{"rendered":"http:\/\/collectif-impulsion.fr\/?page_id=145"},"modified":"2025-08-26T20:01:29","modified_gmt":"2025-08-26T18:01:29","slug":"saisons-passees","status":"publish","type":"page","link":"https:\/\/collectif-impulsion.fr\/index.php\/accueil\/saisons-passees\/","title":{"rendered":"Editions Pass\u00e9es"},"content":{"rendered":"\n<div class=\"wp-block-media-text alignwide has-media-on-the-right is-stacked-on-mobile\" style=\"grid-template-columns:auto 23%\"><div class=\"wp-block-media-text__content\">\n<p><strong><span style=\"color:#074762\" class=\"has-inline-color\">FESTIVAL EMBARQUE, UN NOUVEAU SOUFFLE ! 2024<\/span><\/strong><\/p>\n\n\n\n<p>Nouvelle formule pour la 6e \u00e9dition du festival qui vous embarque pour des aventures musicales dans trois lieux : les Trav\u00e9es \u00e0 Juvisy-sur-Orge, l&rsquo;ANAS \u00e0 Evry-Courcouronnes et le parc du Grand Veneur \u00e0 Soisy-sur-Seine. Et toujours, pour chacun des concerts, de belles d\u00e9couvertes, entre musiques de r\u00e9pertoire et cr\u00e9ations tous azimuts. R\u00e9sistant, engag\u00e9, curieux, le festival Embarque &#8211; un nouveau souffle ! affirme que toutes les musiques sont des lieux de partage !<\/p>\n<\/div><figure class=\"wp-block-media-text__media\"><img loading=\"lazy\" decoding=\"async\" width=\"621\" height=\"875\" src=\"https:\/\/collectif-impulsion.fr\/wp-content\/uploads\/2024\/07\/Embarque2024-p1.jpg\" alt=\"\" class=\"wp-image-1540 size-full\" srcset=\"https:\/\/collectif-impulsion.fr\/wp-content\/uploads\/2024\/07\/Embarque2024-p1.jpg 621w, https:\/\/collectif-impulsion.fr\/wp-content\/uploads\/2024\/07\/Embarque2024-p1-213x300.jpg 213w\" sizes=\"(max-width: 621px) 100vw, 621px\" \/><\/figure><\/div>\n\n\n\n<div class=\"wp-block-file\"><a id=\"wp-block-file--media-4332d6b4-6be6-488c-8599-c6ac62244c91\" href=\"https:\/\/collectif-impulsion.fr\/wp-content\/uploads\/2024\/07\/Embarque2024-ProgrammeWeb_ParPage.pdf\">Programme 2024<\/a><a href=\"https:\/\/collectif-impulsion.fr\/wp-content\/uploads\/2024\/07\/Embarque2024-ProgrammeWeb_ParPage.pdf\" class=\"wp-block-file__button wp-element-button\" download aria-describedby=\"wp-block-file--media-4332d6b4-6be6-488c-8599-c6ac62244c91\">T\u00e9l\u00e9charger<\/a><\/div>\n\n\n\n<div class=\"wp-block-media-text alignwide has-media-on-the-right is-stacked-on-mobile\" style=\"grid-template-columns:auto 23%\"><div class=\"wp-block-media-text__content\">\n<p><strong><span style=\"color:#074762\" class=\"has-inline-color\">FESTIVAL EMBARQUE !  202<\/span>3<\/strong><\/p>\n\n\n\n<p>Le festival Embarque ! souffle les bougies de sa cinqui\u00e8me \u00e9dition, plac\u00e9e sous le signe du bestiaire. Trois jours de concerts \u00e0 quai et en croisi\u00e8re, des installations, et une nouveaut\u00e9, un concert-ouverture en amont \u00e0 l\u2019auditorium du conservatoire d\u2019\u00c9vry. Et toujours, pour chacun des concerts, de belles d\u00e9couvertes, entre musiques de r\u00e9pertoire et cr\u00e9ations tous azimuts. R\u00e9sistant, engag\u00e9, curieux, le festival Embarque ! affirme que toutes les musiques sont des lieux de partage !<br>TOUS EN PISTE AVEC \u00ab LES GENS DE LA CALE \u00bb<br><em>Un \u00e9quipage form\u00e9 du collectif Impulsion et de l\u2019association Alternat \u2013 une p\u00e9niche pour la paix.<\/em><\/p>\n<\/div><figure class=\"wp-block-media-text__media\"><img loading=\"lazy\" decoding=\"async\" width=\"720\" height=\"1024\" src=\"https:\/\/collectif-impulsion.fr\/wp-content\/uploads\/2023\/07\/embarque-affiche-Scan-scaled-e1688559756644-720x1024.jpg\" alt=\"\" class=\"wp-image-1336 size-full\" srcset=\"https:\/\/collectif-impulsion.fr\/wp-content\/uploads\/2023\/07\/embarque-affiche-Scan-scaled-e1688559756644-720x1024.jpg 720w, https:\/\/collectif-impulsion.fr\/wp-content\/uploads\/2023\/07\/embarque-affiche-Scan-scaled-e1688559756644-211x300.jpg 211w, https:\/\/collectif-impulsion.fr\/wp-content\/uploads\/2023\/07\/embarque-affiche-Scan-scaled-e1688559756644-768x1093.jpg 768w, https:\/\/collectif-impulsion.fr\/wp-content\/uploads\/2023\/07\/embarque-affiche-Scan-scaled-e1688559756644-1079x1536.jpg 1079w, https:\/\/collectif-impulsion.fr\/wp-content\/uploads\/2023\/07\/embarque-affiche-Scan-scaled-e1688559756644-1439x2048.jpg 1439w, https:\/\/collectif-impulsion.fr\/wp-content\/uploads\/2023\/07\/embarque-affiche-Scan-scaled-e1688559756644.jpg 1785w\" sizes=\"(max-width: 720px) 100vw, 720px\" \/><\/figure><\/div>\n\n\n\n<div class=\"wp-block-file\"><a id=\"wp-block-file--media-01ab69f5-7762-486f-9938-ca4bbe4e8bc2\" href=\"https:\/\/collectif-impulsion.fr\/wp-content\/uploads\/2023\/07\/Embarque2023-ProgrammeWeb.pdf\">Programme 2023<\/a><a href=\"https:\/\/collectif-impulsion.fr\/wp-content\/uploads\/2023\/07\/Embarque2023-ProgrammeWeb.pdf\" class=\"wp-block-file__button wp-element-button\" download aria-describedby=\"wp-block-file--media-01ab69f5-7762-486f-9938-ca4bbe4e8bc2\">T\u00e9l\u00e9charger<\/a><\/div>\n\n\n\n<div class=\"wp-block-media-text alignwide has-media-on-the-right is-stacked-on-mobile\" style=\"grid-template-columns:auto 23%\"><div class=\"wp-block-media-text__content\">\n<p><strong><span style=\"color:#074762\" class=\"has-inline-color\">FESTIVAL EMBARQUE !  2022<\/span><\/strong><\/p>\n\n\n\n<p>Pour sa 4e \u00e9dition, Embarque ! vous invite \u00e0 6 concerts sur la Seine, \u00e0 quai et en<br>croisi\u00e8re. \u00c0 la barre ? Les gens de la cale, un \u00e9quipage form\u00e9 du collectif Impulsion<br>et de l\u2019association Alternat &#8211; une p\u00e9niche pour la paix. Un festival \u00e0 fleur d\u2019eau&#8230;<br>BIENVENUE \u00c0 BORD !<\/p>\n\n\n\n<p><\/p>\n<\/div><figure class=\"wp-block-media-text__media\"><img loading=\"lazy\" decoding=\"async\" width=\"724\" height=\"1024\" src=\"https:\/\/collectif-impulsion.fr\/wp-content\/uploads\/2022\/06\/LesGensDeLaCale-FestivalEmbarque2022_AfficheA3-724x1024.jpg\" alt=\"\" class=\"wp-image-1199 size-full\" srcset=\"https:\/\/collectif-impulsion.fr\/wp-content\/uploads\/2022\/06\/LesGensDeLaCale-FestivalEmbarque2022_AfficheA3-724x1024.jpg 724w, https:\/\/collectif-impulsion.fr\/wp-content\/uploads\/2022\/06\/LesGensDeLaCale-FestivalEmbarque2022_AfficheA3-212x300.jpg 212w, https:\/\/collectif-impulsion.fr\/wp-content\/uploads\/2022\/06\/LesGensDeLaCale-FestivalEmbarque2022_AfficheA3-768x1086.jpg 768w, https:\/\/collectif-impulsion.fr\/wp-content\/uploads\/2022\/06\/LesGensDeLaCale-FestivalEmbarque2022_AfficheA3-1086x1536.jpg 1086w, https:\/\/collectif-impulsion.fr\/wp-content\/uploads\/2022\/06\/LesGensDeLaCale-FestivalEmbarque2022_AfficheA3-1449x2048.jpg 1449w, https:\/\/collectif-impulsion.fr\/wp-content\/uploads\/2022\/06\/LesGensDeLaCale-FestivalEmbarque2022_AfficheA3-scaled.jpg 1811w\" sizes=\"(max-width: 724px) 100vw, 724px\" \/><\/figure><\/div>\n\n\n\n<div class=\"wp-block-file\"><a id=\"wp-block-file--media-1f11fa11-e06b-4641-9689-bdb03d3844e0\" href=\"https:\/\/collectif-impulsion.fr\/wp-content\/uploads\/2022\/06\/Embarque2022_PagesAPages.pdf\">Programme 2022<\/a><a href=\"https:\/\/collectif-impulsion.fr\/wp-content\/uploads\/2022\/06\/Embarque2022_PagesAPages.pdf\" class=\"wp-block-file__button wp-element-button\" download aria-describedby=\"wp-block-file--media-1f11fa11-e06b-4641-9689-bdb03d3844e0\">T\u00e9l\u00e9charger<\/a><\/div>\n\n\n\n<div class=\"wp-block-media-text alignwide has-media-on-the-right is-stacked-on-mobile\" style=\"grid-template-columns:auto 23%\"><div class=\"wp-block-media-text__content\">\n<p><strong><span style=\"color:#074762\" class=\"has-inline-color\">FESTIVAL EMBARQUE !  2021<\/span><\/strong><\/p>\n\n\n\n<p>Pour sa 3\u00e8me \u00e9dition, le festival Embarque\u2009! propose 5 concerts sur la Seine.<br>Au gouvernail\u2009? Les gens de la cale, un \u00e9quipage form\u00e9 du collectif Impulsion<br>et de l&rsquo;association Alternat Une p\u00e9niche pour la paix. La cr\u00e9ation est une joie,<br>et elle se partage. BIENVENUE \u00c0 BORD !<\/p>\n\n\n\n<p><\/p>\n<\/div><figure class=\"wp-block-media-text__media\"><img loading=\"lazy\" decoding=\"async\" width=\"724\" height=\"1024\" src=\"https:\/\/collectif-impulsion.fr\/wp-content\/uploads\/2021\/07\/LesGensDeLaCale-FestivalEmbarque2021_WEB-724x1024.png\" alt=\"\" class=\"wp-image-1140 size-full\" srcset=\"https:\/\/collectif-impulsion.fr\/wp-content\/uploads\/2021\/07\/LesGensDeLaCale-FestivalEmbarque2021_WEB-724x1024.png 724w, https:\/\/collectif-impulsion.fr\/wp-content\/uploads\/2021\/07\/LesGensDeLaCale-FestivalEmbarque2021_WEB-212x300.png 212w, https:\/\/collectif-impulsion.fr\/wp-content\/uploads\/2021\/07\/LesGensDeLaCale-FestivalEmbarque2021_WEB-768x1086.png 768w, https:\/\/collectif-impulsion.fr\/wp-content\/uploads\/2021\/07\/LesGensDeLaCale-FestivalEmbarque2021_WEB-1086x1536.png 1086w, https:\/\/collectif-impulsion.fr\/wp-content\/uploads\/2021\/07\/LesGensDeLaCale-FestivalEmbarque2021_WEB-1448x2048.png 1448w, https:\/\/collectif-impulsion.fr\/wp-content\/uploads\/2021\/07\/LesGensDeLaCale-FestivalEmbarque2021_WEB.png 1800w\" sizes=\"(max-width: 724px) 100vw, 724px\" \/><\/figure><\/div>\n\n\n\n<div class=\"wp-block-file\"><a id=\"wp-block-file--media-1942e0df-aef7-49b8-8883-48f61fd0d9eb\" href=\"https:\/\/collectif-impulsion.fr\/wp-content\/uploads\/2021\/07\/Embarque2021-WEB-pageApage.pdf\">Programme 2021<\/a><a href=\"https:\/\/collectif-impulsion.fr\/wp-content\/uploads\/2021\/07\/Embarque2021-WEB-pageApage.pdf\" class=\"wp-block-file__button wp-element-button\" download aria-describedby=\"wp-block-file--media-1942e0df-aef7-49b8-8883-48f61fd0d9eb\">T\u00e9l\u00e9charger<\/a><\/div>\n\n\n\n<div class=\"wp-block-media-text alignwide has-media-on-the-right is-stacked-on-mobile\" style=\"grid-template-columns:auto 24%\"><div class=\"wp-block-media-text__content\">\n<p><strong><span style=\"color:#074762\" class=\"has-inline-color\">FESTIVAL EMBARQUE !  2020<\/span><\/strong><\/p>\n\n\n\n<p>Pour sa 2\u00e8me \u00e9dition, le festival Embarque\u2009! propose 7 concerts sur la Seine.<br>Au gouvernail\u2009? Les gens de la cale, un \u00e9quipage form\u00e9 du collectif Impulsion<br>et de l&rsquo;association Alternat Une p\u00e9niche pour la paix. La cr\u00e9ation est une joie,<br>et elle se partage. BIENVENUE \u00c0 BORD !<\/p>\n\n\n\n<p><\/p>\n<\/div><figure class=\"wp-block-media-text__media\"><img loading=\"lazy\" decoding=\"async\" width=\"726\" height=\"1024\" src=\"https:\/\/collectif-impulsion.fr\/wp-content\/uploads\/2020\/07\/FestivalEmbarque2020_Programme_Affiche-726x1024.jpg\" alt=\"Affiche festival Embarque 2020!\" class=\"wp-image-751 size-full\" srcset=\"https:\/\/collectif-impulsion.fr\/wp-content\/uploads\/2020\/07\/FestivalEmbarque2020_Programme_Affiche-726x1024.jpg 726w, https:\/\/collectif-impulsion.fr\/wp-content\/uploads\/2020\/07\/FestivalEmbarque2020_Programme_Affiche-213x300.jpg 213w, https:\/\/collectif-impulsion.fr\/wp-content\/uploads\/2020\/07\/FestivalEmbarque2020_Programme_Affiche-768x1083.jpg 768w, https:\/\/collectif-impulsion.fr\/wp-content\/uploads\/2020\/07\/FestivalEmbarque2020_Programme_Affiche-1090x1536.jpg 1090w, https:\/\/collectif-impulsion.fr\/wp-content\/uploads\/2020\/07\/FestivalEmbarque2020_Programme_Affiche.jpg 1240w\" sizes=\"(max-width: 726px) 100vw, 726px\" \/><\/figure><\/div>\n\n\n\n<div class=\"wp-block-file\"><a id=\"wp-block-file--media-0f0ce208-3bed-4f9e-b2aa-efd916eca16c\" href=\"https:\/\/collectif-impulsion.fr\/wp-content\/uploads\/2020\/07\/FestivalEmbarque2020_Programme_PageParPage.pdf\">Programme 2020<\/a><a href=\"https:\/\/collectif-impulsion.fr\/wp-content\/uploads\/2020\/07\/FestivalEmbarque2020_Programme_PageParPage.pdf\" class=\"wp-block-file__button wp-element-button\" download aria-describedby=\"wp-block-file--media-0f0ce208-3bed-4f9e-b2aa-efd916eca16c\">T\u00e9l\u00e9charger<\/a><\/div>\n\n\n\n<div class=\"wp-block-media-text alignwide has-media-on-the-right is-stacked-on-mobile\" style=\"grid-template-columns:auto 24%\"><div class=\"wp-block-media-text__content\">\n<p><strong><span style=\"color:#074762\" class=\"has-inline-color\">FESTIVAL EMBARQUE !  2019<\/span><\/strong><\/p>\n\n\n\n<p>Cinq concerts-croisi\u00e8res vous embarquent sur la Seine, \u00e0 bord du<br>Bali, avec \u00c9ric pour capitaine, dix musiciens talentueux, et pour<br>chacun des concerts, une cr\u00e9ation musicale ! Ensemble, dans<br>le temps du fleuve et de la musique, nous voyagerons au fil de<br>l\u2019onde, dans le courant, \u00e0 contre courant, afin de l\u00e2cher prise et<br>de nous laisser surprendre. A l\u2019\u00e9coute de l\u2019eau et de la fin d\u2019\u00e9t\u00e9,<br>\u00e0 l\u2019\u00e9coute du r\u00e9pertoire classique et des musiques d\u2019aujourd\u2019hui.<\/p>\n<\/div><figure class=\"wp-block-media-text__media\"><img loading=\"lazy\" decoding=\"async\" width=\"667\" height=\"940\" src=\"https:\/\/collectif-impulsion.fr\/wp-content\/uploads\/2020\/06\/Affiche-Embarque-2019.png\" alt=\"\" class=\"wp-image-385 size-full\" srcset=\"https:\/\/collectif-impulsion.fr\/wp-content\/uploads\/2020\/06\/Affiche-Embarque-2019.png 667w, https:\/\/collectif-impulsion.fr\/wp-content\/uploads\/2020\/06\/Affiche-Embarque-2019-213x300.png 213w\" sizes=\"(max-width: 667px) 100vw, 667px\" \/><\/figure><\/div>\n\n\n\n<div class=\"wp-block-file\"><a id=\"wp-block-file--media-55673ce6-8f5c-4e63-a37d-d5a9bfbd44d0\" href=\"https:\/\/collectif-impulsion.fr\/wp-content\/uploads\/2020\/06\/Festival_Embarque_2019-copie-1.pdf\">Programme 2019<\/a><a href=\"https:\/\/collectif-impulsion.fr\/wp-content\/uploads\/2020\/06\/Festival_Embarque_2019-copie-1.pdf\" class=\"wp-block-file__button wp-element-button\" download aria-describedby=\"wp-block-file--media-55673ce6-8f5c-4e63-a37d-d5a9bfbd44d0\">T\u00e9l\u00e9charger<\/a><\/div>\n\n\n\n<p><\/p>\n\n\n\n<div class=\"wp-block-file\"><a id=\"wp-block-file--media-aedbf787-50d1-49a1-b947-2e372f751ea1\" href=\"https:\/\/collectif-impulsion.fr\/wp-content\/uploads\/2020\/07\/LesGensdeLaCale_FestivalEmbarque_CommuniquePresse.pdf\">Communiqu\u00e9 de Presse<\/a><a href=\"https:\/\/collectif-impulsion.fr\/wp-content\/uploads\/2020\/07\/LesGensdeLaCale_FestivalEmbarque_CommuniquePresse.pdf\" class=\"wp-block-file__button wp-element-button\" download aria-describedby=\"wp-block-file--media-aedbf787-50d1-49a1-b947-2e372f751ea1\">T\u00e9l\u00e9charger<\/a><\/div>\n\n\n\n<div class=\"wp-block-media-text alignwide has-media-on-the-right is-stacked-on-mobile\" style=\"grid-template-columns:auto 24%\"><div class=\"wp-block-media-text__content\">\n<p><strong><span style=\"color:#074762\" class=\"has-inline-color\">Les gens de la cale !  2018<\/span><\/strong><\/p>\n\n\n\n<p>En f\u00e9vrier, les associations Impulsion, La Muse en Zik et Alternat d\u00e9cident d&rsquo;exp\u00e9rimenter \u00e0 Juvisy, c\u00f4t\u00e9 Seine, un espace pour la cr\u00e9ation musicale. Le projet des Gens de la cale est n\u00e9 ! Une programmation voit le jour, du 30 mars au 6 juillet 2018, avec deux concerts de musiques improvis\u00e9es o\u00f9 sont notamment convi\u00e9s Guillaume Roy et Pierre Tereygeol.&nbsp; Nicolas V\u00e9rin cl\u00f4t cette 1\u00e8re s\u00e9rie par Immer&rsquo;son #1, un concert \u00e9lectro&nbsp; \u00ab\u00a0dans le bain\u00a0\u00bb&#8230;<\/p>\n<\/div><figure class=\"wp-block-media-text__media\"><img loading=\"lazy\" decoding=\"async\" width=\"724\" height=\"1024\" src=\"https:\/\/collectif-impulsion.fr\/wp-content\/uploads\/2020\/07\/Affiche-A2-Gens-de-la-calle.jpg\" alt=\"\" class=\"wp-image-1041 size-full\" srcset=\"https:\/\/collectif-impulsion.fr\/wp-content\/uploads\/2020\/07\/Affiche-A2-Gens-de-la-calle.jpg 724w, https:\/\/collectif-impulsion.fr\/wp-content\/uploads\/2020\/07\/Affiche-A2-Gens-de-la-calle-212x300.jpg 212w\" sizes=\"(max-width: 724px) 100vw, 724px\" \/><\/figure><\/div>\n\n\n\n<div class=\"wp-block-file\"><a id=\"wp-block-file--media-cdf414ba-52ef-4b03-b9b3-6947bc975ec1\" href=\"https:\/\/collectif-impulsion.fr\/wp-content\/uploads\/2020\/07\/LesGensdeLaCale-VERSO-FINAL-web-BD-copie.jpg\">Programme<\/a><a href=\"https:\/\/collectif-impulsion.fr\/wp-content\/uploads\/2020\/07\/LesGensdeLaCale-VERSO-FINAL-web-BD-copie.jpg\" class=\"wp-block-file__button wp-element-button\" download aria-describedby=\"wp-block-file--media-cdf414ba-52ef-4b03-b9b3-6947bc975ec1\">T\u00e9l\u00e9charger<\/a><\/div>\n\n\n\n<div class=\"wp-block-file\"><a id=\"wp-block-file--media-12a1bcda-9ef8-410e-a304-cee21ac6f9f4\" href=\"https:\/\/collectif-impulsion.fr\/wp-content\/uploads\/2020\/07\/Communique-presse-Alphayin_LesGensdelaCale_pourmailing-copie.jpg\">Communiqu\u00e9 de presse<\/a><a href=\"https:\/\/collectif-impulsion.fr\/wp-content\/uploads\/2020\/07\/Communique-presse-Alphayin_LesGensdelaCale_pourmailing-copie.jpg\" class=\"wp-block-file__button wp-element-button\" download aria-describedby=\"wp-block-file--media-12a1bcda-9ef8-410e-a304-cee21ac6f9f4\">T\u00e9l\u00e9charger<\/a><\/div>\n\n\n\n<p><\/p>\n","protected":false},"excerpt":{"rendered":"<p>FESTIVAL EMBARQUE, UN NOUVEAU SOUFFLE ! 2024 Nouvelle formule pour la 6e \u00e9dition du festival qui vous embarque pour des aventures musicales dans trois lieux : les Trav\u00e9es \u00e0 Juvisy-sur-Orge, l&rsquo;ANAS \u00e0 Evry-Courcouronnes et le parc du Grand Veneur \u00e0 Soisy-sur-Seine. Et toujours, pour chacun des concerts, de belles d\u00e9couvertes,&hellip; <a class=\"read-more-link\" href=\"https:\/\/collectif-impulsion.fr\/index.php\/accueil\/saisons-passees\/\">Lire la suite<\/a><\/p>\n","protected":false},"author":2,"featured_media":0,"parent":91,"menu_order":2,"comment_status":"closed","ping_status":"closed","template":"","meta":{"_EventAllDay":false,"_EventTimezone":"","_EventStartDate":"","_EventEndDate":"","_EventStartDateUTC":"","_EventEndDateUTC":"","_EventShowMap":false,"_EventShowMapLink":false,"_EventURL":"","_EventCost":"","_EventCostDescription":"","_EventCurrencySymbol":"","_EventCurrencyCode":"","_EventCurrencyPosition":"","_EventDateTimeSeparator":"","_EventTimeRangeSeparator":"","_EventOrganizerID":[],"_EventVenueID":[],"_OrganizerEmail":"","_OrganizerPhone":"","_OrganizerWebsite":"","_VenueAddress":"","_VenueCity":"","_VenueCountry":"","_VenueProvince":"","_VenueState":"","_VenueZip":"","_VenuePhone":"","_VenueURL":"","_VenueStateProvince":"","_VenueLat":"","_VenueLng":"","_VenueShowMap":false,"_VenueShowMapLink":false,"footnotes":""},"_links":{"self":[{"href":"https:\/\/collectif-impulsion.fr\/index.php\/wp-json\/wp\/v2\/pages\/145"}],"collection":[{"href":"https:\/\/collectif-impulsion.fr\/index.php\/wp-json\/wp\/v2\/pages"}],"about":[{"href":"https:\/\/collectif-impulsion.fr\/index.php\/wp-json\/wp\/v2\/types\/page"}],"author":[{"embeddable":true,"href":"https:\/\/collectif-impulsion.fr\/index.php\/wp-json\/wp\/v2\/users\/2"}],"replies":[{"embeddable":true,"href":"https:\/\/collectif-impulsion.fr\/index.php\/wp-json\/wp\/v2\/comments?post=145"}],"version-history":[{"count":55,"href":"https:\/\/collectif-impulsion.fr\/index.php\/wp-json\/wp\/v2\/pages\/145\/revisions"}],"predecessor-version":[{"id":1787,"href":"https:\/\/collectif-impulsion.fr\/index.php\/wp-json\/wp\/v2\/pages\/145\/revisions\/1787"}],"up":[{"embeddable":true,"href":"https:\/\/collectif-impulsion.fr\/index.php\/wp-json\/wp\/v2\/pages\/91"}],"wp:attachment":[{"href":"https:\/\/collectif-impulsion.fr\/index.php\/wp-json\/wp\/v2\/media?parent=145"}],"curies":[{"name":"wp","href":"https:\/\/api.w.org\/{rel}","templated":true}]}}