{"id":1626,"date":"2024-08-27T12:04:52","date_gmt":"2024-08-27T10:04:52","guid":{"rendered":"https:\/\/collectif-impulsion.fr\/?page_id=1626"},"modified":"2024-08-27T14:29:14","modified_gmt":"2024-08-27T12:29:14","slug":"lactualite-dimpulsion","status":"publish","type":"page","link":"https:\/\/collectif-impulsion.fr\/index.php\/accueil\/le-collectif\/lactualite-dimpulsion\/","title":{"rendered":"L\u2019actualit\u00e9 d\u2019Impulsion"},"content":{"rendered":"\n<figure class=\"wp-block-image size-full is-resized\"><img loading=\"lazy\" decoding=\"async\" width=\"900\" height=\"864\" src=\"https:\/\/collectif-impulsion.fr\/wp-content\/uploads\/2024\/06\/Paula_22-06-24-1.jpeg\" alt=\"\" class=\"wp-image-1497\" style=\"width:124px;height:auto\" srcset=\"https:\/\/collectif-impulsion.fr\/wp-content\/uploads\/2024\/06\/Paula_22-06-24-1.jpeg 900w, https:\/\/collectif-impulsion.fr\/wp-content\/uploads\/2024\/06\/Paula_22-06-24-1-300x288.jpeg 300w, https:\/\/collectif-impulsion.fr\/wp-content\/uploads\/2024\/06\/Paula_22-06-24-1-768x737.jpeg 768w\" sizes=\"(max-width: 900px) 100vw, 900px\" \/><\/figure>\n\n\n\n<p>Nous avons le plaisir de vous annoncer la r\u00e9sidence artistique de Paula Mesuret pour  les deux ann\u00e9es scolaires \u00e0 venir, au sein d\u2019un ambitieux projet de cr\u00e9ation, en collaboration avec le coll\u00e8ge Pablo Neruda de Grigny.<\/p>\n\n\n\n<p>Ce projet offrira une occasion exceptionnelle de d\u00e9couvrir le processus cr\u00e9atif de Paula et de suivre l\u2019\u00e9volution de son travail avec des \u00e9l\u00e8ves du dispositif d\u2019UPE2A.<\/p>\n\n\n<div class=\"wp-block-image\">\n<figure class=\"aligncenter size-full\"><img loading=\"lazy\" decoding=\"async\" width=\"469\" height=\"232\" src=\"https:\/\/collectif-impulsion.fr\/wp-content\/uploads\/2024\/08\/IMG_1378.jpeg\" alt=\"\" class=\"wp-image-1633\" srcset=\"https:\/\/collectif-impulsion.fr\/wp-content\/uploads\/2024\/08\/IMG_1378.jpeg 469w, https:\/\/collectif-impulsion.fr\/wp-content\/uploads\/2024\/08\/IMG_1378-300x148.jpeg 300w\" sizes=\"(max-width: 469px) 100vw, 469px\" \/><\/figure><\/div>","protected":false},"excerpt":{"rendered":"<p>Nous avons le plaisir de vous annoncer la r\u00e9sidence artistique de Paula Mesuret pour les deux ann\u00e9es scolaires \u00e0 venir, au sein d\u2019un ambitieux projet de cr\u00e9ation, en collaboration avec le coll\u00e8ge Pablo Neruda de Grigny. Ce projet offrira une occasion exceptionnelle de d\u00e9couvrir le processus cr\u00e9atif de Paula et&hellip; <a class=\"read-more-link\" href=\"https:\/\/collectif-impulsion.fr\/index.php\/accueil\/le-collectif\/lactualite-dimpulsion\/\">Lire la suite<\/a><\/p>\n","protected":false},"author":3,"featured_media":0,"parent":106,"menu_order":0,"comment_status":"closed","ping_status":"closed","template":"","meta":{"_EventAllDay":false,"_EventTimezone":"","_EventStartDate":"","_EventEndDate":"","_EventStartDateUTC":"","_EventEndDateUTC":"","_EventShowMap":false,"_EventShowMapLink":false,"_EventURL":"","_EventCost":"","_EventCostDescription":"","_EventCurrencySymbol":"","_EventCurrencyCode":"","_EventCurrencyPosition":"","_EventDateTimeSeparator":"","_EventTimeRangeSeparator":"","_EventOrganizerID":[],"_EventVenueID":[],"_OrganizerEmail":"","_OrganizerPhone":"","_OrganizerWebsite":"","_VenueAddress":"","_VenueCity":"","_VenueCountry":"","_VenueProvince":"","_VenueState":"","_VenueZip":"","_VenuePhone":"","_VenueURL":"","_VenueStateProvince":"","_VenueLat":"","_VenueLng":"","_VenueShowMap":false,"_VenueShowMapLink":false,"footnotes":""},"_links":{"self":[{"href":"https:\/\/collectif-impulsion.fr\/index.php\/wp-json\/wp\/v2\/pages\/1626"}],"collection":[{"href":"https:\/\/collectif-impulsion.fr\/index.php\/wp-json\/wp\/v2\/pages"}],"about":[{"href":"https:\/\/collectif-impulsion.fr\/index.php\/wp-json\/wp\/v2\/types\/page"}],"author":[{"embeddable":true,"href":"https:\/\/collectif-impulsion.fr\/index.php\/wp-json\/wp\/v2\/users\/3"}],"replies":[{"embeddable":true,"href":"https:\/\/collectif-impulsion.fr\/index.php\/wp-json\/wp\/v2\/comments?post=1626"}],"version-history":[{"count":4,"href":"https:\/\/collectif-impulsion.fr\/index.php\/wp-json\/wp\/v2\/pages\/1626\/revisions"}],"predecessor-version":[{"id":1635,"href":"https:\/\/collectif-impulsion.fr\/index.php\/wp-json\/wp\/v2\/pages\/1626\/revisions\/1635"}],"up":[{"embeddable":true,"href":"https:\/\/collectif-impulsion.fr\/index.php\/wp-json\/wp\/v2\/pages\/106"}],"wp:attachment":[{"href":"https:\/\/collectif-impulsion.fr\/index.php\/wp-json\/wp\/v2\/media?parent=1626"}],"curies":[{"name":"wp","href":"https:\/\/api.w.org\/{rel}","templated":true}]}}