{"id":1640,"date":"2025-04-29T09:55:45","date_gmt":"2025-04-29T07:55:45","guid":{"rendered":"https:\/\/collectif-impulsion.fr\/?page_id=1640"},"modified":"2025-04-29T09:55:45","modified_gmt":"2025-04-29T07:55:45","slug":"impulsion-en-residence","status":"publish","type":"page","link":"https:\/\/collectif-impulsion.fr\/index.php\/impulsion-en-residence\/","title":{"rendered":"Impulsion en r\u00e9sidence"},"content":{"rendered":"\n<h2 class=\"wp-block-heading\">Paula Mesuret au coll\u00e8ge Pablo Neruda de Grigny<\/h2>\n\n\n\n<ul><\/ul>\n\n\n\n<figure class=\"wp-block-image size-full\"><img loading=\"lazy\" decoding=\"async\" width=\"370\" height=\"370\" src=\"https:\/\/collectif-impulsion.fr\/wp-content\/uploads\/2025\/04\/Paula.webp\" alt=\"\" class=\"wp-image-1645\" srcset=\"https:\/\/collectif-impulsion.fr\/wp-content\/uploads\/2025\/04\/Paula.webp 370w, https:\/\/collectif-impulsion.fr\/wp-content\/uploads\/2025\/04\/Paula-300x300.webp 300w, https:\/\/collectif-impulsion.fr\/wp-content\/uploads\/2025\/04\/Paula-150x150.webp 150w\" sizes=\"(max-width: 370px) 100vw, 370px\" \/><\/figure>\n\n\n\n<p><strong>Babel \u2013 Au-del\u00e0 des fronti\u00e8res <\/strong>2024-2026<\/p>\n\n\n\n<p><strong>Les Objectifs de notre r\u00e9sidence:<\/strong> <\/p>\n\n\n\n<p>\u2022Affirmer une mission de soutien \u00e0 la cr\u00e9ation artistique<\/p>\n\n\n\n<p>\u2022Favoriser la rencontre entre des \u00e9l\u00e8ves et la cr\u00e9ation artistique contemporaine<\/p>\n\n\n\n<p>\u2022Stimuler l\u2019expression, la cr\u00e9ativit\u00e9 et l\u2019imaginaire<\/p>\n\n\n\n<p>\u2022Renforcer le lien social et l\u2019ouverture au monde<\/p>\n\n\n\n<p>\u2022Offrir un temps de recherche et de cr\u00e9ation artistique<\/p>\n\n\n\n<p>\u2022Nourrir un projet artistique et culturel<\/p>\n\n\n\n<p>\u2022Valoriser le coll\u00e8ge comme un lieu de culture<\/p>\n\n\n\n<figure class=\"wp-block-image size-full is-resized\"><img loading=\"lazy\" decoding=\"async\" width=\"277\" height=\"182\" src=\"https:\/\/collectif-impulsion.fr\/wp-content\/uploads\/2025\/04\/photo-pablo.jpeg\" alt=\"\" class=\"wp-image-1643\" style=\"width:344px;height:auto\"\/><\/figure>\n\n\n\n<h2 class=\"wp-block-heading\">La r\u00e9sidence men\u00e9e par Paula, c&rsquo;est:<\/h2>\n\n\n\n<p>\u2022Un projet <strong>innovant<\/strong> en direction du dispositif <strong>d\u2019UPE2A<\/strong><\/p>\n\n\n\n<p>\u2022<strong>52 \u00e9l\u00e8ves <\/strong>engag\u00e9s dans le projet<\/p>\n\n\n\n<p>\u2022<strong>4 enseignants <\/strong>associ\u00e9s (FLS; Fran\u00e7ais; \u00c9ducation musicale)<\/p>\n\n\n\n<p>\u2022<strong>1 assistante p\u00e9dagogique <\/strong>charg\u00e9e d\u2019un <strong>podcast<\/strong> et d\u2019une <strong>m\u00e9diation<\/strong><\/p>\n\n\n\n<p>\u2022<strong>2 enseignants d\u2019HG <\/strong>relayant l\u2019exposition \u00ab&nbsp;Fronti\u00e8res&nbsp;\u00bb sur le <strong>niveau 3\u00e8me<\/strong><\/p>\n\n\n\n<p>\u2022<strong>Deux classes de sixi\u00e8mes <\/strong>associ\u00e9es au projet<\/p>\n\n\n\n<p>\u2022<strong>Des sorties<\/strong> programm\u00e9es <strong>\u00e0 la BNF<\/strong><\/p>\n\n\n\n<p>\u2022<strong>Des restitutions <\/strong>\u00e0 diff\u00e9rents moments de la r\u00e9sidence<\/p>\n\n\n\n<p>\u2022<strong>Une collaboration au festival 2025<\/strong><\/p>\n\n\n\n<figure class=\"wp-block-image size-large is-resized\"><img loading=\"lazy\" decoding=\"async\" width=\"1024\" height=\"1024\" src=\"https:\/\/collectif-impulsion.fr\/wp-content\/uploads\/2020\/06\/cropped-Sd1F8aTU-scaled-1-1024x1024.jpeg\" alt=\"\" class=\"wp-image-591\" style=\"width:115px;height:auto\" srcset=\"https:\/\/collectif-impulsion.fr\/wp-content\/uploads\/2020\/06\/cropped-Sd1F8aTU-scaled-1-1024x1024.jpeg 1024w, https:\/\/collectif-impulsion.fr\/wp-content\/uploads\/2020\/06\/cropped-Sd1F8aTU-scaled-1-300x300.jpeg 300w, https:\/\/collectif-impulsion.fr\/wp-content\/uploads\/2020\/06\/cropped-Sd1F8aTU-scaled-1-150x150.jpeg 150w, https:\/\/collectif-impulsion.fr\/wp-content\/uploads\/2020\/06\/cropped-Sd1F8aTU-scaled-1-768x768.jpeg 768w, https:\/\/collectif-impulsion.fr\/wp-content\/uploads\/2020\/06\/cropped-Sd1F8aTU-scaled-1-1536x1536.jpeg 1536w, https:\/\/collectif-impulsion.fr\/wp-content\/uploads\/2020\/06\/cropped-Sd1F8aTU-scaled-1-2048x2048.jpeg 2048w\" sizes=\"(max-width: 1024px) 100vw, 1024px\" \/><\/figure>\n\n\n\n<p><\/p>\n","protected":false},"excerpt":{"rendered":"<p>Paula Mesuret au coll\u00e8ge Pablo Neruda de Grigny Babel \u2013 Au-del\u00e0 des fronti\u00e8res 2024-2026 Les Objectifs de notre r\u00e9sidence: \u2022Affirmer une mission de soutien \u00e0 la cr\u00e9ation artistique \u2022Favoriser la rencontre entre des \u00e9l\u00e8ves et la cr\u00e9ation artistique contemporaine \u2022Stimuler l\u2019expression, la cr\u00e9ativit\u00e9 et l\u2019imaginaire \u2022Renforcer le lien social et&hellip; <a class=\"read-more-link\" href=\"https:\/\/collectif-impulsion.fr\/index.php\/impulsion-en-residence\/\">Lire la suite<\/a><\/p>\n","protected":false},"author":3,"featured_media":0,"parent":0,"menu_order":0,"comment_status":"closed","ping_status":"closed","template":"","meta":{"_EventAllDay":false,"_EventTimezone":"","_EventStartDate":"","_EventEndDate":"","_EventStartDateUTC":"","_EventEndDateUTC":"","_EventShowMap":false,"_EventShowMapLink":false,"_EventURL":"","_EventCost":"","_EventCostDescription":"","_EventCurrencySymbol":"","_EventCurrencyCode":"","_EventCurrencyPosition":"","_EventDateTimeSeparator":"","_EventTimeRangeSeparator":"","_EventOrganizerID":[],"_EventVenueID":[],"_OrganizerEmail":"","_OrganizerPhone":"","_OrganizerWebsite":"","_VenueAddress":"","_VenueCity":"","_VenueCountry":"","_VenueProvince":"","_VenueState":"","_VenueZip":"","_VenuePhone":"","_VenueURL":"","_VenueStateProvince":"","_VenueLat":"","_VenueLng":"","_VenueShowMap":false,"_VenueShowMapLink":false,"footnotes":""},"_links":{"self":[{"href":"https:\/\/collectif-impulsion.fr\/index.php\/wp-json\/wp\/v2\/pages\/1640"}],"collection":[{"href":"https:\/\/collectif-impulsion.fr\/index.php\/wp-json\/wp\/v2\/pages"}],"about":[{"href":"https:\/\/collectif-impulsion.fr\/index.php\/wp-json\/wp\/v2\/types\/page"}],"author":[{"embeddable":true,"href":"https:\/\/collectif-impulsion.fr\/index.php\/wp-json\/wp\/v2\/users\/3"}],"replies":[{"embeddable":true,"href":"https:\/\/collectif-impulsion.fr\/index.php\/wp-json\/wp\/v2\/comments?post=1640"}],"version-history":[{"count":5,"href":"https:\/\/collectif-impulsion.fr\/index.php\/wp-json\/wp\/v2\/pages\/1640\/revisions"}],"predecessor-version":[{"id":1654,"href":"https:\/\/collectif-impulsion.fr\/index.php\/wp-json\/wp\/v2\/pages\/1640\/revisions\/1654"}],"wp:attachment":[{"href":"https:\/\/collectif-impulsion.fr\/index.php\/wp-json\/wp\/v2\/media?parent=1640"}],"curies":[{"name":"wp","href":"https:\/\/api.w.org\/{rel}","templated":true}]}}