{"id":1885,"date":"2025-12-22T19:54:00","date_gmt":"2025-12-22T18:54:00","guid":{"rendered":"https:\/\/collectif-impulsion.fr\/?page_id=1885"},"modified":"2026-02-19T17:07:30","modified_gmt":"2026-02-19T16:07:30","slug":"festival-2025-_-7eme-edition","status":"publish","type":"page","link":"https:\/\/collectif-impulsion.fr\/index.php\/festival-2025-_-7eme-edition\/","title":{"rendered":"Festival 2025 _ 7\u00e8me \u00e9dition"},"content":{"rendered":"\n<p><strong>Retour en images<\/strong><\/p>\n\n\n\n<figure class=\"wp-block-image size-large\"><img loading=\"lazy\" decoding=\"async\" width=\"1024\" height=\"730\" src=\"https:\/\/collectif-impulsion.fr\/wp-content\/uploads\/2025\/12\/2-La-sierpe-alada-del-sueno-avec-Mirtru-Escalona-Mijares-et-Charlotte-Testu--1024x730.jpg\" alt=\"\" class=\"wp-image-1869\" srcset=\"https:\/\/collectif-impulsion.fr\/wp-content\/uploads\/2025\/12\/2-La-sierpe-alada-del-sueno-avec-Mirtru-Escalona-Mijares-et-Charlotte-Testu--1024x730.jpg 1024w, https:\/\/collectif-impulsion.fr\/wp-content\/uploads\/2025\/12\/2-La-sierpe-alada-del-sueno-avec-Mirtru-Escalona-Mijares-et-Charlotte-Testu--300x214.jpg 300w, https:\/\/collectif-impulsion.fr\/wp-content\/uploads\/2025\/12\/2-La-sierpe-alada-del-sueno-avec-Mirtru-Escalona-Mijares-et-Charlotte-Testu--768x547.jpg 768w, https:\/\/collectif-impulsion.fr\/wp-content\/uploads\/2025\/12\/2-La-sierpe-alada-del-sueno-avec-Mirtru-Escalona-Mijares-et-Charlotte-Testu--1536x1094.jpg 1536w, https:\/\/collectif-impulsion.fr\/wp-content\/uploads\/2025\/12\/2-La-sierpe-alada-del-sueno-avec-Mirtru-Escalona-Mijares-et-Charlotte-Testu--2048x1459.jpg 2048w\" sizes=\"(max-width: 1024px) 100vw, 1024px\" \/><figcaption class=\"wp-element-caption\">La sierpe alada del suen\u0303o avec Mirtru Escalona-Mijares et Charlotte Testu, mise en lumi\u00e8res Micha\u00eal Hugo<br>\u00e0 l&rsquo;auditorium Iannis Xenakis \u00e0 Evrvry-Courcouronnes le 11 octobre<\/figcaption><\/figure>\n\n\n\n<p><\/p>\n\n\n\n<figure class=\"wp-block-image size-large\"><img loading=\"lazy\" decoding=\"async\" width=\"1024\" height=\"768\" src=\"https:\/\/collectif-impulsion.fr\/wp-content\/uploads\/2025\/12\/1-Serpent-aile-Diana-Montoya-dans-Phenix-de-FB-Mache--1024x768.jpg\" alt=\"\" class=\"wp-image-1866\" srcset=\"https:\/\/collectif-impulsion.fr\/wp-content\/uploads\/2025\/12\/1-Serpent-aile-Diana-Montoya-dans-Phenix-de-FB-Mache--1024x768.jpg 1024w, https:\/\/collectif-impulsion.fr\/wp-content\/uploads\/2025\/12\/1-Serpent-aile-Diana-Montoya-dans-Phenix-de-FB-Mache--300x225.jpg 300w, https:\/\/collectif-impulsion.fr\/wp-content\/uploads\/2025\/12\/1-Serpent-aile-Diana-Montoya-dans-Phenix-de-FB-Mache--768x576.jpg 768w, https:\/\/collectif-impulsion.fr\/wp-content\/uploads\/2025\/12\/1-Serpent-aile-Diana-Montoya-dans-Phenix-de-FB-Mache--1536x1152.jpg 1536w, https:\/\/collectif-impulsion.fr\/wp-content\/uploads\/2025\/12\/1-Serpent-aile-Diana-Montoya-dans-Phenix-de-FB-Mache--2048x1536.jpg 2048w, https:\/\/collectif-impulsion.fr\/wp-content\/uploads\/2025\/12\/1-Serpent-aile-Diana-Montoya-dans-Phenix-de-FB-Mache--960x720.jpg 960w\" sizes=\"(max-width: 1024px) 100vw, 1024px\" \/><figcaption class=\"wp-element-caption\">Serpent aile\u0301 &#8211; Diana Montoya dans Phe\u0301nix de FB Ma\u0302che <br>\u00e0 l&rsquo;auditorium Iannis Xenakis \u00e0 Evrvry-Courcouronnes le 11 octobre <\/figcaption><\/figure>\n\n\n\n<figure class=\"wp-block-image size-large\"><img loading=\"lazy\" decoding=\"async\" width=\"1024\" height=\"768\" src=\"https:\/\/collectif-impulsion.fr\/wp-content\/uploads\/2025\/12\/3-Diana-FB-Mache-1024x768.jpg\" alt=\"\" class=\"wp-image-1868\" srcset=\"https:\/\/collectif-impulsion.fr\/wp-content\/uploads\/2025\/12\/3-Diana-FB-Mache-1024x768.jpg 1024w, https:\/\/collectif-impulsion.fr\/wp-content\/uploads\/2025\/12\/3-Diana-FB-Mache-300x225.jpg 300w, https:\/\/collectif-impulsion.fr\/wp-content\/uploads\/2025\/12\/3-Diana-FB-Mache-768x576.jpg 768w, https:\/\/collectif-impulsion.fr\/wp-content\/uploads\/2025\/12\/3-Diana-FB-Mache-1536x1152.jpg 1536w, https:\/\/collectif-impulsion.fr\/wp-content\/uploads\/2025\/12\/3-Diana-FB-Mache-2048x1536.jpg 2048w, https:\/\/collectif-impulsion.fr\/wp-content\/uploads\/2025\/12\/3-Diana-FB-Mache-960x720.jpg 960w\" sizes=\"(max-width: 1024px) 100vw, 1024px\" \/><figcaption class=\"wp-element-caption\">Diana Montoya et Fran\u00e7ois-Bernard M\u00e2che<\/figcaption><\/figure>\n\n\n\n<figure class=\"wp-block-image size-large is-resized\"><img loading=\"lazy\" decoding=\"async\" width=\"1024\" height=\"678\" src=\"https:\/\/collectif-impulsion.fr\/wp-content\/uploads\/2025\/12\/P1130815-1024x678.jpg\" alt=\"\" class=\"wp-image-1875\" style=\"width:914px;height:auto\" srcset=\"https:\/\/collectif-impulsion.fr\/wp-content\/uploads\/2025\/12\/P1130815-1024x678.jpg 1024w, https:\/\/collectif-impulsion.fr\/wp-content\/uploads\/2025\/12\/P1130815-300x199.jpg 300w, https:\/\/collectif-impulsion.fr\/wp-content\/uploads\/2025\/12\/P1130815-768x508.jpg 768w, https:\/\/collectif-impulsion.fr\/wp-content\/uploads\/2025\/12\/P1130815-1536x1017.jpg 1536w, https:\/\/collectif-impulsion.fr\/wp-content\/uploads\/2025\/12\/P1130815-2048x1356.jpg 2048w\" sizes=\"(max-width: 1024px) 100vw, 1024px\" \/><figcaption class=\"wp-element-caption\">Alliage &#8211; Creation collective &#8211; Georges B\u00e9rachvili, Pierre Strauch, Jean-Baptiste Pelletier, Yoann Goujon, Anita Glodek, Roula Safar,&#8230; <br>\u00e0 l&rsquo;auditorium Iannis Xenakis \u00e0 Evrvry-Courcouronnes le 11 octobre<\/figcaption><\/figure>\n\n\n\n<div class=\"wp-block-media-text is-stacked-on-mobile\" style=\"grid-template-columns:74% auto\"><figure class=\"wp-block-media-text__media\"><img loading=\"lazy\" decoding=\"async\" width=\"1024\" height=\"779\" src=\"https:\/\/collectif-impulsion.fr\/wp-content\/uploads\/2025\/12\/P1130797-1024x779.jpg\" alt=\"Alliage - Catherine Brisset\" class=\"wp-image-1874 size-full\" srcset=\"https:\/\/collectif-impulsion.fr\/wp-content\/uploads\/2025\/12\/P1130797-1024x779.jpg 1024w, https:\/\/collectif-impulsion.fr\/wp-content\/uploads\/2025\/12\/P1130797-300x228.jpg 300w, https:\/\/collectif-impulsion.fr\/wp-content\/uploads\/2025\/12\/P1130797-768x584.jpg 768w, https:\/\/collectif-impulsion.fr\/wp-content\/uploads\/2025\/12\/P1130797-1536x1168.jpg 1536w, https:\/\/collectif-impulsion.fr\/wp-content\/uploads\/2025\/12\/P1130797-2048x1557.jpg 2048w\" sizes=\"(max-width: 1024px) 100vw, 1024px\" \/><\/figure><div class=\"wp-block-media-text__content\">\n<p>Alliage &#8211; <\/p>\n\n\n\n<p>Catherine Brisset<\/p>\n<\/div><\/div>\n\n\n\n<p>&#8211;<\/p>\n\n\n\n<figure class=\"wp-block-image size-large is-resized\"><img loading=\"lazy\" decoding=\"async\" width=\"1024\" height=\"768\" src=\"https:\/\/collectif-impulsion.fr\/wp-content\/uploads\/2025\/12\/P1130771-1024x768.jpg\" alt=\"\" class=\"wp-image-1873\" style=\"width:910px;height:auto\" srcset=\"https:\/\/collectif-impulsion.fr\/wp-content\/uploads\/2025\/12\/P1130771-1024x768.jpg 1024w, https:\/\/collectif-impulsion.fr\/wp-content\/uploads\/2025\/12\/P1130771-300x225.jpg 300w, https:\/\/collectif-impulsion.fr\/wp-content\/uploads\/2025\/12\/P1130771-768x576.jpg 768w, https:\/\/collectif-impulsion.fr\/wp-content\/uploads\/2025\/12\/P1130771-1536x1152.jpg 1536w, https:\/\/collectif-impulsion.fr\/wp-content\/uploads\/2025\/12\/P1130771-2048x1536.jpg 2048w, https:\/\/collectif-impulsion.fr\/wp-content\/uploads\/2025\/12\/P1130771-960x720.jpg 960w\" sizes=\"(max-width: 1024px) 100vw, 1024px\" \/><figcaption class=\"wp-element-caption\">Alliage &#8211; Roula Safar, Georges B\u00e9rachvili, Pierre Strauch, Jean-Baptiste Pelletier&#8230;<\/figcaption><\/figure>\n\n\n\n<figure class=\"wp-block-image size-large is-resized\"><img loading=\"lazy\" decoding=\"async\" width=\"768\" height=\"1024\" src=\"https:\/\/collectif-impulsion.fr\/wp-content\/uploads\/2025\/12\/P1130748-768x1024.jpg\" alt=\"\" class=\"wp-image-1871\" style=\"width:739px;height:auto\" srcset=\"https:\/\/collectif-impulsion.fr\/wp-content\/uploads\/2025\/12\/P1130748-768x1024.jpg 768w, https:\/\/collectif-impulsion.fr\/wp-content\/uploads\/2025\/12\/P1130748-225x300.jpg 225w, https:\/\/collectif-impulsion.fr\/wp-content\/uploads\/2025\/12\/P1130748-1152x1536.jpg 1152w, https:\/\/collectif-impulsion.fr\/wp-content\/uploads\/2025\/12\/P1130748-1536x2048.jpg 1536w, https:\/\/collectif-impulsion.fr\/wp-content\/uploads\/2025\/12\/P1130748-scaled.jpg 1920w\" sizes=\"(max-width: 768px) 100vw, 768px\" \/><figcaption class=\"wp-element-caption\">Alliage &#8211; Jean-Baptiste Pelletier, vid\u00e9os d&rsquo;Alain Longuet<\/figcaption><\/figure>\n\n\n\n<figure class=\"wp-block-image size-large\"><img loading=\"lazy\" decoding=\"async\" width=\"1024\" height=\"569\" src=\"https:\/\/collectif-impulsion.fr\/wp-content\/uploads\/2025\/12\/2-Alliages-Roula-safar-Michel-Bertier-et-Catherine-Brisset-en-improvisation-1024x569.jpg\" alt=\"\" class=\"wp-image-1867\" srcset=\"https:\/\/collectif-impulsion.fr\/wp-content\/uploads\/2025\/12\/2-Alliages-Roula-safar-Michel-Bertier-et-Catherine-Brisset-en-improvisation-1024x569.jpg 1024w, https:\/\/collectif-impulsion.fr\/wp-content\/uploads\/2025\/12\/2-Alliages-Roula-safar-Michel-Bertier-et-Catherine-Brisset-en-improvisation-300x167.jpg 300w, https:\/\/collectif-impulsion.fr\/wp-content\/uploads\/2025\/12\/2-Alliages-Roula-safar-Michel-Bertier-et-Catherine-Brisset-en-improvisation-768x427.jpg 768w, https:\/\/collectif-impulsion.fr\/wp-content\/uploads\/2025\/12\/2-Alliages-Roula-safar-Michel-Bertier-et-Catherine-Brisset-en-improvisation-1536x853.jpg 1536w, https:\/\/collectif-impulsion.fr\/wp-content\/uploads\/2025\/12\/2-Alliages-Roula-safar-Michel-Bertier-et-Catherine-Brisset-en-improvisation-2048x1138.jpg 2048w\" sizes=\"(max-width: 1024px) 100vw, 1024px\" \/><figcaption class=\"wp-element-caption\">Alliage Roula Safar, Michel Bertier, Catherine Brisset<\/figcaption><\/figure>\n\n\n\n<figure class=\"wp-block-image size-large\"><img loading=\"lazy\" decoding=\"async\" width=\"1024\" height=\"576\" src=\"https:\/\/collectif-impulsion.fr\/wp-content\/uploads\/2025\/12\/IMG_6314-1024x576.jpg\" alt=\"\" class=\"wp-image-1872\" srcset=\"https:\/\/collectif-impulsion.fr\/wp-content\/uploads\/2025\/12\/IMG_6314-1024x576.jpg 1024w, https:\/\/collectif-impulsion.fr\/wp-content\/uploads\/2025\/12\/IMG_6314-300x169.jpg 300w, https:\/\/collectif-impulsion.fr\/wp-content\/uploads\/2025\/12\/IMG_6314-768x432.jpg 768w, https:\/\/collectif-impulsion.fr\/wp-content\/uploads\/2025\/12\/IMG_6314-1536x864.jpg 1536w, https:\/\/collectif-impulsion.fr\/wp-content\/uploads\/2025\/12\/IMG_6314-2048x1152.jpg 2048w\" sizes=\"(max-width: 1024px) 100vw, 1024px\" \/><figcaption class=\"wp-element-caption\">Alliage &#8211; Musiciens et compositeurs\u00e0 l&rsquo;auditorium Iannis Xenakis \u00e0 Evrvry-Courcouronnes le 11 octobre<\/figcaption><\/figure>\n\n\n\n<figure class=\"wp-block-image size-large\"><img loading=\"lazy\" decoding=\"async\" width=\"1024\" height=\"751\" src=\"https:\/\/collectif-impulsion.fr\/wp-content\/uploads\/2026\/02\/1-Gros-Calin-Spectacle-dIsabelle-Duthoit-aux-Travees-le-dimanche-12-octobre-1024x751.jpg\" alt=\"\" class=\"wp-image-1907\" srcset=\"https:\/\/collectif-impulsion.fr\/wp-content\/uploads\/2026\/02\/1-Gros-Calin-Spectacle-dIsabelle-Duthoit-aux-Travees-le-dimanche-12-octobre-1024x751.jpg 1024w, https:\/\/collectif-impulsion.fr\/wp-content\/uploads\/2026\/02\/1-Gros-Calin-Spectacle-dIsabelle-Duthoit-aux-Travees-le-dimanche-12-octobre-300x220.jpg 300w, https:\/\/collectif-impulsion.fr\/wp-content\/uploads\/2026\/02\/1-Gros-Calin-Spectacle-dIsabelle-Duthoit-aux-Travees-le-dimanche-12-octobre-768x564.jpg 768w, https:\/\/collectif-impulsion.fr\/wp-content\/uploads\/2026\/02\/1-Gros-Calin-Spectacle-dIsabelle-Duthoit-aux-Travees-le-dimanche-12-octobre-1536x1127.jpg 1536w, https:\/\/collectif-impulsion.fr\/wp-content\/uploads\/2026\/02\/1-Gros-Calin-Spectacle-dIsabelle-Duthoit-aux-Travees-le-dimanche-12-octobre-2048x1503.jpg 2048w\" sizes=\"(max-width: 1024px) 100vw, 1024px\" \/><figcaption class=\"wp-element-caption\">Gros Ca\u0302lin &#8211; Spectacle d&rsquo;Isabelle Duthoit aux Trave\u0301es \u00e0 Juvisy le dimanche 12 octobre<\/figcaption><\/figure>\n\n\n\n<figure class=\"wp-block-image size-large\"><img loading=\"lazy\" decoding=\"async\" width=\"1024\" height=\"655\" src=\"https:\/\/collectif-impulsion.fr\/wp-content\/uploads\/2026\/02\/1-Trio-Nicolas-Billon-Paula-Mesuret-Vincent-Da-Costa-dans-Musique-et-poesie-aux-Travees-de-Juvisy-le-dimanche-12-octobre-1024x655.jpg\" alt=\"Trio Nicolas Billon-Paula Mesuret-Vincent Da Costa dans Musique et poe\u0301sie aux Trave\u0301es de Juvisy le dimanche 12 octobre\" class=\"wp-image-1903\" srcset=\"https:\/\/collectif-impulsion.fr\/wp-content\/uploads\/2026\/02\/1-Trio-Nicolas-Billon-Paula-Mesuret-Vincent-Da-Costa-dans-Musique-et-poesie-aux-Travees-de-Juvisy-le-dimanche-12-octobre-1024x655.jpg 1024w, https:\/\/collectif-impulsion.fr\/wp-content\/uploads\/2026\/02\/1-Trio-Nicolas-Billon-Paula-Mesuret-Vincent-Da-Costa-dans-Musique-et-poesie-aux-Travees-de-Juvisy-le-dimanche-12-octobre-300x192.jpg 300w, https:\/\/collectif-impulsion.fr\/wp-content\/uploads\/2026\/02\/1-Trio-Nicolas-Billon-Paula-Mesuret-Vincent-Da-Costa-dans-Musique-et-poesie-aux-Travees-de-Juvisy-le-dimanche-12-octobre-768x491.jpg 768w, https:\/\/collectif-impulsion.fr\/wp-content\/uploads\/2026\/02\/1-Trio-Nicolas-Billon-Paula-Mesuret-Vincent-Da-Costa-dans-Musique-et-poesie-aux-Travees-de-Juvisy-le-dimanche-12-octobre-1536x983.jpg 1536w, https:\/\/collectif-impulsion.fr\/wp-content\/uploads\/2026\/02\/1-Trio-Nicolas-Billon-Paula-Mesuret-Vincent-Da-Costa-dans-Musique-et-poesie-aux-Travees-de-Juvisy-le-dimanche-12-octobre-2048x1310.jpg 2048w\" sizes=\"(max-width: 1024px) 100vw, 1024px\" \/><figcaption class=\"wp-element-caption\">Trio Nicolas Billon-Paula Mesuret-Vincent Da Costa dans Musique et poe\u0301sie aux Trave\u0301es de Juvisy le dimanche 12 octobre<\/figcaption><\/figure>\n\n\n\n<figure class=\"wp-block-image size-large\"><img loading=\"lazy\" decoding=\"async\" width=\"1024\" height=\"768\" src=\"https:\/\/collectif-impulsion.fr\/wp-content\/uploads\/2026\/02\/2-Duo-Nicolas-Verin-Marie-Le-Chevalier-dans-Musique-et-poesie-aux-Travees-le-12-octobre-1-1024x768.jpg\" alt=\"\" class=\"wp-image-1905\" srcset=\"https:\/\/collectif-impulsion.fr\/wp-content\/uploads\/2026\/02\/2-Duo-Nicolas-Verin-Marie-Le-Chevalier-dans-Musique-et-poesie-aux-Travees-le-12-octobre-1-1024x768.jpg 1024w, https:\/\/collectif-impulsion.fr\/wp-content\/uploads\/2026\/02\/2-Duo-Nicolas-Verin-Marie-Le-Chevalier-dans-Musique-et-poesie-aux-Travees-le-12-octobre-1-300x225.jpg 300w, https:\/\/collectif-impulsion.fr\/wp-content\/uploads\/2026\/02\/2-Duo-Nicolas-Verin-Marie-Le-Chevalier-dans-Musique-et-poesie-aux-Travees-le-12-octobre-1-768x576.jpg 768w, https:\/\/collectif-impulsion.fr\/wp-content\/uploads\/2026\/02\/2-Duo-Nicolas-Verin-Marie-Le-Chevalier-dans-Musique-et-poesie-aux-Travees-le-12-octobre-1-1536x1152.jpg 1536w, https:\/\/collectif-impulsion.fr\/wp-content\/uploads\/2026\/02\/2-Duo-Nicolas-Verin-Marie-Le-Chevalier-dans-Musique-et-poesie-aux-Travees-le-12-octobre-1-2048x1536.jpg 2048w, https:\/\/collectif-impulsion.fr\/wp-content\/uploads\/2026\/02\/2-Duo-Nicolas-Verin-Marie-Le-Chevalier-dans-Musique-et-poesie-aux-Travees-le-12-octobre-1-960x720.jpg 960w\" sizes=\"(max-width: 1024px) 100vw, 1024px\" \/><figcaption class=\"wp-element-caption\">Duo Nicolas Ve\u0301rin &#8211; Marie Le Chevalier dans Musique et poe\u0301sie aux Trave\u0301es le 12 octobre<\/figcaption><\/figure>\n\n\n\n<figure class=\"wp-block-image size-large\"><img loading=\"lazy\" decoding=\"async\" width=\"1024\" height=\"768\" src=\"https:\/\/collectif-impulsion.fr\/wp-content\/uploads\/2026\/02\/3-Musique-et-poesie-aux-Travees-de-Juvisy-1024x768.jpg\" alt=\"\" class=\"wp-image-1906\" srcset=\"https:\/\/collectif-impulsion.fr\/wp-content\/uploads\/2026\/02\/3-Musique-et-poesie-aux-Travees-de-Juvisy-1024x768.jpg 1024w, https:\/\/collectif-impulsion.fr\/wp-content\/uploads\/2026\/02\/3-Musique-et-poesie-aux-Travees-de-Juvisy-300x225.jpg 300w, https:\/\/collectif-impulsion.fr\/wp-content\/uploads\/2026\/02\/3-Musique-et-poesie-aux-Travees-de-Juvisy-768x576.jpg 768w, https:\/\/collectif-impulsion.fr\/wp-content\/uploads\/2026\/02\/3-Musique-et-poesie-aux-Travees-de-Juvisy-1536x1152.jpg 1536w, https:\/\/collectif-impulsion.fr\/wp-content\/uploads\/2026\/02\/3-Musique-et-poesie-aux-Travees-de-Juvisy-2048x1536.jpg 2048w, https:\/\/collectif-impulsion.fr\/wp-content\/uploads\/2026\/02\/3-Musique-et-poesie-aux-Travees-de-Juvisy-960x720.jpg 960w\" sizes=\"(max-width: 1024px) 100vw, 1024px\" \/><figcaption class=\"wp-element-caption\">Musique et poe\u0301sie aux Trave\u0301es de Juvisy<\/figcaption><\/figure>\n","protected":false},"excerpt":{"rendered":"<p>Retour en images Alliage &#8211; Catherine Brisset &#8211;<\/p>\n","protected":false},"author":3,"featured_media":0,"parent":0,"menu_order":0,"comment_status":"closed","ping_status":"closed","template":"","meta":{"_EventAllDay":false,"_EventTimezone":"","_EventStartDate":"","_EventEndDate":"","_EventStartDateUTC":"","_EventEndDateUTC":"","_EventShowMap":false,"_EventShowMapLink":false,"_EventURL":"","_EventCost":"","_EventCostDescription":"","_EventCurrencySymbol":"","_EventCurrencyCode":"","_EventCurrencyPosition":"","_EventDateTimeSeparator":"","_EventTimeRangeSeparator":"","_EventOrganizerID":[],"_EventVenueID":[],"_OrganizerEmail":"","_OrganizerPhone":"","_OrganizerWebsite":"","_VenueAddress":"","_VenueCity":"","_VenueCountry":"","_VenueProvince":"","_VenueState":"","_VenueZip":"","_VenuePhone":"","_VenueURL":"","_VenueStateProvince":"","_VenueLat":"","_VenueLng":"","_VenueShowMap":false,"_VenueShowMapLink":false,"footnotes":""},"_links":{"self":[{"href":"https:\/\/collectif-impulsion.fr\/index.php\/wp-json\/wp\/v2\/pages\/1885"}],"collection":[{"href":"https:\/\/collectif-impulsion.fr\/index.php\/wp-json\/wp\/v2\/pages"}],"about":[{"href":"https:\/\/collectif-impulsion.fr\/index.php\/wp-json\/wp\/v2\/types\/page"}],"author":[{"embeddable":true,"href":"https:\/\/collectif-impulsion.fr\/index.php\/wp-json\/wp\/v2\/users\/3"}],"replies":[{"embeddable":true,"href":"https:\/\/collectif-impulsion.fr\/index.php\/wp-json\/wp\/v2\/comments?post=1885"}],"version-history":[{"count":5,"href":"https:\/\/collectif-impulsion.fr\/index.php\/wp-json\/wp\/v2\/pages\/1885\/revisions"}],"predecessor-version":[{"id":1908,"href":"https:\/\/collectif-impulsion.fr\/index.php\/wp-json\/wp\/v2\/pages\/1885\/revisions\/1908"}],"wp:attachment":[{"href":"https:\/\/collectif-impulsion.fr\/index.php\/wp-json\/wp\/v2\/media?parent=1885"}],"curies":[{"name":"wp","href":"https:\/\/api.w.org\/{rel}","templated":true}]}}