{"id":645,"date":"2020-06-12T17:53:35","date_gmt":"2020-06-12T15:53:35","guid":{"rendered":"http:\/\/collectif-impulsion.fr\/?page_id=645"},"modified":"2026-01-08T14:20:57","modified_gmt":"2026-01-08T13:20:57","slug":"festival-embarque","status":"publish","type":"page","link":"https:\/\/collectif-impulsion.fr\/","title":{"rendered":"Festival Embarque ! 7\u00e8me \u00e9dition"},"content":{"rendered":"\n<h2 class=\"wp-block-heading has-text-color\" style=\"color:#3168b5\">Le Festival a eu lieu du <strong>09 au 12 oct 202<\/strong>5<\/h2>\n\n\n\n<p><\/p>\n\n\n\n<p>Retrouvez ci-dessous la programmation de la 7\u00e8me \u00e9dition.<\/p>\n\n\n\n<div class=\"wp-block-buttons is-content-justification-center is-layout-flex wp-container-core-buttons-is-layout-1 wp-block-buttons-is-layout-flex\">\n<div class=\"wp-block-button\"><a class=\"wp-block-button__link has-vivid-cyan-blue-to-vivid-purple-gradient-background has-background wp-element-button\" href=\"https:\/\/collectif-impulsion.fr\/wp-content\/uploads\/2025\/09\/Embarque2025-ProgrammeWeb_ParPage_c.pdf\" style=\"border-radius:45px\">T\u00e9l\u00e9chargez le programme !<\/a><\/div>\n\n\n\n<div class=\"wp-block-button\"><a class=\"wp-block-button__link has-blush-bordeaux-gradient-background has-background wp-element-button\" href=\"https:\/\/collectif-impulsion.fr\/index.php\/festival-2025-_-7eme-edition\/\" style=\"border-radius:48px\">Festival 2025 retour en Photos <\/a><\/div>\n\n\n\n<div class=\"wp-block-button\"><a class=\"wp-block-button__link has-luminous-dusk-gradient-background has-background wp-element-button\" href=\"https:\/\/www.helloasso.com\/associations\/collectif-impulsion\" style=\"border-radius:34px\">Soutenir Impulsion<\/a><\/div>\n<\/div>\n\n\n<div class=\"wp-block-image\">\n<figure class=\"aligncenter size-full wp-duotone-unset-1\"><img loading=\"lazy\" decoding=\"async\" width=\"1240\" height=\"1748\" src=\"https:\/\/collectif-impulsion.fr\/wp-content\/uploads\/2025\/09\/01_Embarque2025-ProgrammeWeb_Couverture.jpg\" alt=\"\" class=\"wp-image-1791\" style=\"object-fit:cover\" srcset=\"https:\/\/collectif-impulsion.fr\/wp-content\/uploads\/2025\/09\/01_Embarque2025-ProgrammeWeb_Couverture.jpg 1240w, https:\/\/collectif-impulsion.fr\/wp-content\/uploads\/2025\/09\/01_Embarque2025-ProgrammeWeb_Couverture-213x300.jpg 213w, https:\/\/collectif-impulsion.fr\/wp-content\/uploads\/2025\/09\/01_Embarque2025-ProgrammeWeb_Couverture-726x1024.jpg 726w, https:\/\/collectif-impulsion.fr\/wp-content\/uploads\/2025\/09\/01_Embarque2025-ProgrammeWeb_Couverture-768x1083.jpg 768w, https:\/\/collectif-impulsion.fr\/wp-content\/uploads\/2025\/09\/01_Embarque2025-ProgrammeWeb_Couverture-1090x1536.jpg 1090w\" sizes=\"(max-width: 1240px) 100vw, 1240px\" \/><\/figure><\/div>\n\n\n<div class=\"wp-block-buttons is-content-justification-center is-layout-flex wp-container-core-buttons-is-layout-2 wp-block-buttons-is-layout-flex\">\n<div class=\"wp-block-button\"><a class=\"wp-block-button__link has-vivid-cyan-blue-to-vivid-purple-gradient-background has-background wp-element-button\" href=\"https:\/\/collectif-impulsion.fr\/wp-content\/uploads\/2025\/09\/Embarque2025-ProgrammeWeb_ParPage_c.pdf\" style=\"border-radius:45px\">T\u00e9l\u00e9chargez le programme !<\/a><\/div>\n\n\n\n<div class=\"wp-block-button\"><a class=\"wp-block-button__link has-blush-bordeaux-gradient-background has-background wp-element-button\" href=\"https:\/\/collectif-impulsion.fr\/index.php\/festival-2025-_-7eme-edition\/\" style=\"border-radius:48px\">Festival 2025 retour en Photos <\/a><\/div>\n\n\n\n<div class=\"wp-block-button\"><a class=\"wp-block-button__link has-luminous-dusk-gradient-background has-background wp-element-button\" href=\"https:\/\/www.helloasso.com\/associations\/collectif-impulsion\" style=\"border-radius:34px\">Soutenir Impulsion<\/a><\/div>\n<\/div>\n\n\n\n<p class=\"has-text-align-center\"><strong>Le collectif Impulsion vous invite \u00e0 trois jours de concerts, toujours avec des artistes de haut vol !<\/strong><\/p>\n\n\n\n<p class=\"has-text-align-center\">Pour sa septi\u00e8me \u00e9dition, le festival poursuit son rythme de croisi\u00e8re, s\u2019ancrant<br>de nouveau aux Trav\u00e9es de Juvisy et au Conservatoire d\u2019 Evry-Courcouronnes.<br>Mais il s\u2019ouvre aussi au niveau territorial en d\u00e9barquant \u00e0 la salle Sydney<br>B\u00e9chet de Grigny, tout en repoussant les fronti\u00e8res disciplinaires : \u00e0 c\u00f4t\u00e9 de la<br>musique, place au conte et \u00e0 la po\u00e9sie ! En ces temps troubl\u00e9s, il s\u2019agira de<br>jouer de toutes les mani\u00e8res avec les fronti\u00e8res, qui est notre fil rouge pour 2025.<\/p>\n\n\n\n<p class=\"has-text-align-center\">Avec toujours, pour chacun des concerts, de belles d\u00e9couvertes et des<br>cr\u00e9ations tous azimuts. R\u00e9sistant, engag\u00e9, curieux, le festival Embarque &#8211; un<br>nouveau souffle ! affirme que toutes les musiques sont des lieux de partage ! Le<br>collectif Impulsion vous invite \u00e0 trois jours de concerts  \u00e9coutez&#8230;<\/p>\n\n\n\n<p class=\"has-text-align-center\"><strong>&#8230;et laissez-vous porter !<\/strong><\/p>\n\n\n\n\n\n<p class=\"has-primary-color has-text-color\"><em><strong>Cliquez sur les images pour voir le d\u00e9tail<\/strong><\/em><\/p>\n\n\n\n<figure class=\"wp-block-gallery aligncenter has-nested-images columns-0 vignette wp-block-gallery-2 is-layout-flex wp-block-gallery-is-layout-flex\">\n<figure class=\"wp-block-image size-full vignette\"><a href=\"https:\/\/collectif-impulsion.fr\/index.php\/festival-embarque\/concerts\/#img2\"><img loading=\"lazy\" decoding=\"async\" width=\"1240\" height=\"1031\" data-id=\"1796\" src=\"https:\/\/collectif-impulsion.fr\/wp-content\/uploads\/2025\/09\/03_Embarque2025-OuvertureDemi-1.jpg\" alt=\"\" class=\"wp-image-1796\" srcset=\"https:\/\/collectif-impulsion.fr\/wp-content\/uploads\/2025\/09\/03_Embarque2025-OuvertureDemi-1.jpg 1240w, https:\/\/collectif-impulsion.fr\/wp-content\/uploads\/2025\/09\/03_Embarque2025-OuvertureDemi-1-300x249.jpg 300w, https:\/\/collectif-impulsion.fr\/wp-content\/uploads\/2025\/09\/03_Embarque2025-OuvertureDemi-1-1024x851.jpg 1024w, https:\/\/collectif-impulsion.fr\/wp-content\/uploads\/2025\/09\/03_Embarque2025-OuvertureDemi-1-768x639.jpg 768w\" sizes=\"(max-width: 1240px) 100vw, 1240px\" \/><\/a><\/figure>\n\n\n\n<figure class=\"wp-block-image size-full vignette is-style-default\"><img loading=\"lazy\" decoding=\"async\" width=\"1238\" height=\"993\" data-id=\"1856\" src=\"https:\/\/collectif-impulsion.fr\/wp-content\/uploads\/2025\/09\/04PepitoAnnule.jpeg\" alt=\"\" class=\"wp-image-1856\" srcset=\"https:\/\/collectif-impulsion.fr\/wp-content\/uploads\/2025\/09\/04PepitoAnnule.jpeg 1238w, https:\/\/collectif-impulsion.fr\/wp-content\/uploads\/2025\/09\/04PepitoAnnule-300x241.jpeg 300w, https:\/\/collectif-impulsion.fr\/wp-content\/uploads\/2025\/09\/04PepitoAnnule-1024x821.jpeg 1024w, https:\/\/collectif-impulsion.fr\/wp-content\/uploads\/2025\/09\/04PepitoAnnule-768x616.jpeg 768w\" sizes=\"(max-width: 1238px) 100vw, 1238px\" \/><\/figure>\n\n\n\n<figure class=\"wp-block-image size-full vignette\"><a href=\"https:\/\/collectif-impulsion.fr\/index.php\/festival-embarque\/concerts\/#img3\"><img loading=\"lazy\" decoding=\"async\" width=\"1240\" height=\"996\" data-id=\"1801\" src=\"https:\/\/collectif-impulsion.fr\/wp-content\/uploads\/2025\/09\/05_SerpentAile.jpg\" alt=\"\" class=\"wp-image-1801\" srcset=\"https:\/\/collectif-impulsion.fr\/wp-content\/uploads\/2025\/09\/05_SerpentAile.jpg 1240w, https:\/\/collectif-impulsion.fr\/wp-content\/uploads\/2025\/09\/05_SerpentAile-300x241.jpg 300w, https:\/\/collectif-impulsion.fr\/wp-content\/uploads\/2025\/09\/05_SerpentAile-1024x823.jpg 1024w, https:\/\/collectif-impulsion.fr\/wp-content\/uploads\/2025\/09\/05_SerpentAile-768x617.jpg 768w\" sizes=\"(max-width: 1240px) 100vw, 1240px\" \/><\/a><\/figure>\n\n\n\n<figure class=\"wp-block-image size-full vignette\"><a href=\"https:\/\/collectif-impulsion.fr\/index.php\/festival-embarque\/concerts\/#img3\"><img loading=\"lazy\" decoding=\"async\" width=\"1240\" height=\"1032\" data-id=\"1800\" src=\"https:\/\/collectif-impulsion.fr\/wp-content\/uploads\/2025\/09\/06-Alliages-1.jpg\" alt=\"\" class=\"wp-image-1800\" srcset=\"https:\/\/collectif-impulsion.fr\/wp-content\/uploads\/2025\/09\/06-Alliages-1.jpg 1240w, https:\/\/collectif-impulsion.fr\/wp-content\/uploads\/2025\/09\/06-Alliages-1-300x250.jpg 300w, https:\/\/collectif-impulsion.fr\/wp-content\/uploads\/2025\/09\/06-Alliages-1-1024x852.jpg 1024w, https:\/\/collectif-impulsion.fr\/wp-content\/uploads\/2025\/09\/06-Alliages-1-768x639.jpg 768w\" sizes=\"(max-width: 1240px) 100vw, 1240px\" \/><\/a><\/figure>\n\n\n\n<figure class=\"wp-block-image size-full vignette\"><a href=\"https:\/\/collectif-impulsion.fr\/index.php\/festival-embarque\/concerts\/#img4\"><img loading=\"lazy\" decoding=\"async\" width=\"1239\" height=\"1064\" data-id=\"1802\" src=\"https:\/\/collectif-impulsion.fr\/wp-content\/uploads\/2025\/09\/07_GrosCalin.jpg\" alt=\"\" class=\"wp-image-1802\" srcset=\"https:\/\/collectif-impulsion.fr\/wp-content\/uploads\/2025\/09\/07_GrosCalin.jpg 1239w, https:\/\/collectif-impulsion.fr\/wp-content\/uploads\/2025\/09\/07_GrosCalin-300x258.jpg 300w, https:\/\/collectif-impulsion.fr\/wp-content\/uploads\/2025\/09\/07_GrosCalin-1024x879.jpg 1024w, https:\/\/collectif-impulsion.fr\/wp-content\/uploads\/2025\/09\/07_GrosCalin-768x660.jpg 768w\" sizes=\"(max-width: 1239px) 100vw, 1239px\" \/><\/a><\/figure>\n\n\n\n<figure class=\"wp-block-image size-full vignette\"><a href=\"https:\/\/collectif-impulsion.fr\/index.php\/festival-embarque\/concerts\/#img4\"><img loading=\"lazy\" decoding=\"async\" width=\"1236\" height=\"1037\" data-id=\"1804\" src=\"https:\/\/collectif-impulsion.fr\/wp-content\/uploads\/2025\/09\/08_MusiqueEtPoesie.jpg\" alt=\"\" class=\"wp-image-1804\" srcset=\"https:\/\/collectif-impulsion.fr\/wp-content\/uploads\/2025\/09\/08_MusiqueEtPoesie.jpg 1236w, https:\/\/collectif-impulsion.fr\/wp-content\/uploads\/2025\/09\/08_MusiqueEtPoesie-300x252.jpg 300w, https:\/\/collectif-impulsion.fr\/wp-content\/uploads\/2025\/09\/08_MusiqueEtPoesie-1024x859.jpg 1024w, https:\/\/collectif-impulsion.fr\/wp-content\/uploads\/2025\/09\/08_MusiqueEtPoesie-768x644.jpg 768w\" sizes=\"(max-width: 1236px) 100vw, 1236px\" \/><\/a><\/figure>\n<\/figure>\n\n\n\n<p>AVANT DE DECOLLER ! &gt;&gt;<a href=\"https:\/\/www.facebook.com\/impulsion.son\"><strong> facebook\/<\/strong>impulsion.son<\/a> et <a href=\"https:\/\/www.instagram.com\/impulsion.sons\/\"><strong>instagram<\/strong>\/impulsion.sons\/<\/a><\/p>\n\n\n\n<p><\/p>\n\n\n\n<p><\/p>\n","protected":false},"excerpt":{"rendered":"<p>Le Festival a eu lieu du 09 au 12 oct 2025 Retrouvez ci-dessous la programmation de la 7\u00e8me \u00e9dition. Le collectif Impulsion vous invite \u00e0 trois jours de concerts, toujours avec des artistes de haut vol ! Pour sa septi\u00e8me \u00e9dition, le festival poursuit son rythme de croisi\u00e8re, s\u2019ancrantde nouveau&hellip; <a class=\"read-more-link\" href=\"https:\/\/collectif-impulsion.fr\/\">Lire la suite<\/a><\/p>\n","protected":false},"author":2,"featured_media":0,"parent":0,"menu_order":0,"comment_status":"closed","ping_status":"closed","template":"","meta":{"_EventAllDay":false,"_EventTimezone":"","_EventStartDate":"","_EventEndDate":"","_EventStartDateUTC":"","_EventEndDateUTC":"","_EventShowMap":false,"_EventShowMapLink":false,"_EventURL":"","_EventCost":"","_EventCostDescription":"","_EventCurrencySymbol":"","_EventCurrencyCode":"","_EventCurrencyPosition":"","_EventDateTimeSeparator":"","_EventTimeRangeSeparator":"","_EventOrganizerID":[],"_EventVenueID":[],"_OrganizerEmail":"","_OrganizerPhone":"","_OrganizerWebsite":"","_VenueAddress":"","_VenueCity":"","_VenueCountry":"","_VenueProvince":"","_VenueState":"","_VenueZip":"","_VenuePhone":"","_VenueURL":"","_VenueStateProvince":"","_VenueLat":"","_VenueLng":"","_VenueShowMap":false,"_VenueShowMapLink":false,"footnotes":""},"_links":{"self":[{"href":"https:\/\/collectif-impulsion.fr\/index.php\/wp-json\/wp\/v2\/pages\/645"}],"collection":[{"href":"https:\/\/collectif-impulsion.fr\/index.php\/wp-json\/wp\/v2\/pages"}],"about":[{"href":"https:\/\/collectif-impulsion.fr\/index.php\/wp-json\/wp\/v2\/types\/page"}],"author":[{"embeddable":true,"href":"https:\/\/collectif-impulsion.fr\/index.php\/wp-json\/wp\/v2\/users\/2"}],"replies":[{"embeddable":true,"href":"https:\/\/collectif-impulsion.fr\/index.php\/wp-json\/wp\/v2\/comments?post=645"}],"version-history":[{"count":142,"href":"https:\/\/collectif-impulsion.fr\/index.php\/wp-json\/wp\/v2\/pages\/645\/revisions"}],"predecessor-version":[{"id":1902,"href":"https:\/\/collectif-impulsion.fr\/index.php\/wp-json\/wp\/v2\/pages\/645\/revisions\/1902"}],"wp:attachment":[{"href":"https:\/\/collectif-impulsion.fr\/index.php\/wp-json\/wp\/v2\/media?parent=645"}],"curies":[{"name":"wp","href":"https:\/\/api.w.org\/{rel}","templated":true}]}}