{"id":774,"date":"2020-07-01T22:37:11","date_gmt":"2020-07-01T20:37:11","guid":{"rendered":"http:\/\/collectif-impulsion.fr\/?page_id=774"},"modified":"2025-09-23T11:52:29","modified_gmt":"2025-09-23T09:52:29","slug":"concerts","status":"publish","type":"page","link":"https:\/\/collectif-impulsion.fr\/index.php\/festival-embarque\/concerts\/","title":{"rendered":"Les concerts 2025"},"content":{"rendered":"\n<p>Ces images sont tir\u00e9es du programme. Vous pouvez le voir et le t\u00e9l\u00e9charger en cliquant ici : <a href=\"https:\/\/collectif-impulsion.fr\/wp-content\/uploads\/2024\/07\/Embarque2024-ProgrammeWeb_ParPage.pdf\">acc\u00e9der au programme<\/a><\/p>\n\n\n\n<p><em>Cliquez sur l&rsquo;image pour l&rsquo;agrandir<\/em><\/p>\n\n\n\n<div class=\"wp-block-group alignwide\"><div class=\"wp-block-group__inner-container is-layout-flow wp-block-group-is-layout-flow\"><\/div><\/div>\n\n\n\n<figure class=\"wp-block-gallery alignwide has-nested-images columns-2 is-cropped wp-block-gallery-1 is-layout-flex wp-block-gallery-is-layout-flex\">\n<figure class=\"wp-block-image size-full\" id=\"img1\"><a href=\"https:\/\/collectif-impulsion.fr\/wp-content\/uploads\/2025\/09\/01_Embarque2025-ProgrammeWeb_Couverture-1.jpg\"><img loading=\"lazy\" decoding=\"async\" width=\"1240\" height=\"1748\" data-id=\"1808\" src=\"https:\/\/collectif-impulsion.fr\/wp-content\/uploads\/2025\/09\/01_Embarque2025-ProgrammeWeb_Couverture-1.jpg\" alt=\"\" class=\"wp-image-1808\" srcset=\"https:\/\/collectif-impulsion.fr\/wp-content\/uploads\/2025\/09\/01_Embarque2025-ProgrammeWeb_Couverture-1.jpg 1240w, https:\/\/collectif-impulsion.fr\/wp-content\/uploads\/2025\/09\/01_Embarque2025-ProgrammeWeb_Couverture-1-213x300.jpg 213w, https:\/\/collectif-impulsion.fr\/wp-content\/uploads\/2025\/09\/01_Embarque2025-ProgrammeWeb_Couverture-1-726x1024.jpg 726w, https:\/\/collectif-impulsion.fr\/wp-content\/uploads\/2025\/09\/01_Embarque2025-ProgrammeWeb_Couverture-1-768x1083.jpg 768w, https:\/\/collectif-impulsion.fr\/wp-content\/uploads\/2025\/09\/01_Embarque2025-ProgrammeWeb_Couverture-1-1090x1536.jpg 1090w\" sizes=\"(max-width: 1240px) 100vw, 1240px\" \/><\/a><\/figure>\n\n\n\n<figure class=\"wp-block-image size-full\"><a href=\"https:\/\/collectif-impulsion.fr\/wp-content\/uploads\/2025\/09\/02_Embarque2025-ProgrammeWeb_Edito.jpg\"><img loading=\"lazy\" decoding=\"async\" width=\"1240\" height=\"1748\" data-id=\"1809\" src=\"https:\/\/collectif-impulsion.fr\/wp-content\/uploads\/2025\/09\/02_Embarque2025-ProgrammeWeb_Edito.jpg\" alt=\"\" class=\"wp-image-1809\" srcset=\"https:\/\/collectif-impulsion.fr\/wp-content\/uploads\/2025\/09\/02_Embarque2025-ProgrammeWeb_Edito.jpg 1240w, https:\/\/collectif-impulsion.fr\/wp-content\/uploads\/2025\/09\/02_Embarque2025-ProgrammeWeb_Edito-213x300.jpg 213w, https:\/\/collectif-impulsion.fr\/wp-content\/uploads\/2025\/09\/02_Embarque2025-ProgrammeWeb_Edito-726x1024.jpg 726w, https:\/\/collectif-impulsion.fr\/wp-content\/uploads\/2025\/09\/02_Embarque2025-ProgrammeWeb_Edito-768x1083.jpg 768w, https:\/\/collectif-impulsion.fr\/wp-content\/uploads\/2025\/09\/02_Embarque2025-ProgrammeWeb_Edito-1090x1536.jpg 1090w\" sizes=\"(max-width: 1240px) 100vw, 1240px\" \/><\/a><\/figure>\n\n\n\n<figure class=\"wp-block-image size-full\" id=\"img2\"><a href=\"https:\/\/collectif-impulsion.fr\/wp-content\/uploads\/2025\/09\/03_Embarque2025-ProgrammeWeb_Ouverture.jpg\"><img loading=\"lazy\" decoding=\"async\" width=\"1240\" height=\"1748\" data-id=\"1811\" src=\"https:\/\/collectif-impulsion.fr\/wp-content\/uploads\/2025\/09\/03_Embarque2025-ProgrammeWeb_Ouverture.jpg\" alt=\"\" class=\"wp-image-1811\" srcset=\"https:\/\/collectif-impulsion.fr\/wp-content\/uploads\/2025\/09\/03_Embarque2025-ProgrammeWeb_Ouverture.jpg 1240w, https:\/\/collectif-impulsion.fr\/wp-content\/uploads\/2025\/09\/03_Embarque2025-ProgrammeWeb_Ouverture-213x300.jpg 213w, https:\/\/collectif-impulsion.fr\/wp-content\/uploads\/2025\/09\/03_Embarque2025-ProgrammeWeb_Ouverture-726x1024.jpg 726w, https:\/\/collectif-impulsion.fr\/wp-content\/uploads\/2025\/09\/03_Embarque2025-ProgrammeWeb_Ouverture-768x1083.jpg 768w, https:\/\/collectif-impulsion.fr\/wp-content\/uploads\/2025\/09\/03_Embarque2025-ProgrammeWeb_Ouverture-1090x1536.jpg 1090w\" sizes=\"(max-width: 1240px) 100vw, 1240px\" \/><\/a><\/figure>\n\n\n\n<figure class=\"wp-block-image size-full is-style-default\"><a href=\"https:\/\/collectif-impulsion.fr\/wp-content\/uploads\/2025\/09\/04_Embarque2025-ProgrammeWeb_TourDeBabel-1.jpg\"><img loading=\"lazy\" decoding=\"async\" width=\"1240\" height=\"1748\" data-id=\"1812\" src=\"https:\/\/collectif-impulsion.fr\/wp-content\/uploads\/2025\/09\/04_Embarque2025-ProgrammeWeb_TourDeBabel-1.jpg\" alt=\"\" class=\"wp-image-1812\" srcset=\"https:\/\/collectif-impulsion.fr\/wp-content\/uploads\/2025\/09\/04_Embarque2025-ProgrammeWeb_TourDeBabel-1.jpg 1240w, https:\/\/collectif-impulsion.fr\/wp-content\/uploads\/2025\/09\/04_Embarque2025-ProgrammeWeb_TourDeBabel-1-213x300.jpg 213w, https:\/\/collectif-impulsion.fr\/wp-content\/uploads\/2025\/09\/04_Embarque2025-ProgrammeWeb_TourDeBabel-1-726x1024.jpg 726w, https:\/\/collectif-impulsion.fr\/wp-content\/uploads\/2025\/09\/04_Embarque2025-ProgrammeWeb_TourDeBabel-1-768x1083.jpg 768w, https:\/\/collectif-impulsion.fr\/wp-content\/uploads\/2025\/09\/04_Embarque2025-ProgrammeWeb_TourDeBabel-1-1090x1536.jpg 1090w\" sizes=\"(max-width: 1240px) 100vw, 1240px\" \/><\/a><\/figure>\n\n\n\n<figure class=\"wp-block-image size-full\" id=\"img3\"><a href=\"https:\/\/collectif-impulsion.fr\/wp-content\/uploads\/2025\/09\/05_Embarque2025-ProgrammeWeb_SerpentAile.jpg\"><img loading=\"lazy\" decoding=\"async\" width=\"1240\" height=\"1748\" data-id=\"1813\" src=\"https:\/\/collectif-impulsion.fr\/wp-content\/uploads\/2025\/09\/05_Embarque2025-ProgrammeWeb_SerpentAile.jpg\" alt=\"\" class=\"wp-image-1813\" srcset=\"https:\/\/collectif-impulsion.fr\/wp-content\/uploads\/2025\/09\/05_Embarque2025-ProgrammeWeb_SerpentAile.jpg 1240w, https:\/\/collectif-impulsion.fr\/wp-content\/uploads\/2025\/09\/05_Embarque2025-ProgrammeWeb_SerpentAile-213x300.jpg 213w, https:\/\/collectif-impulsion.fr\/wp-content\/uploads\/2025\/09\/05_Embarque2025-ProgrammeWeb_SerpentAile-726x1024.jpg 726w, https:\/\/collectif-impulsion.fr\/wp-content\/uploads\/2025\/09\/05_Embarque2025-ProgrammeWeb_SerpentAile-768x1083.jpg 768w, https:\/\/collectif-impulsion.fr\/wp-content\/uploads\/2025\/09\/05_Embarque2025-ProgrammeWeb_SerpentAile-1090x1536.jpg 1090w\" sizes=\"(max-width: 1240px) 100vw, 1240px\" \/><\/a><\/figure>\n\n\n\n<figure class=\"wp-block-image size-full\"><a href=\"https:\/\/collectif-impulsion.fr\/wp-content\/uploads\/2025\/09\/06_Embarque2025-ProgrammeWeb_Alliages.jpg\"><img loading=\"lazy\" decoding=\"async\" width=\"1240\" height=\"1748\" data-id=\"1814\" src=\"https:\/\/collectif-impulsion.fr\/wp-content\/uploads\/2025\/09\/06_Embarque2025-ProgrammeWeb_Alliages.jpg\" alt=\"\" class=\"wp-image-1814\" srcset=\"https:\/\/collectif-impulsion.fr\/wp-content\/uploads\/2025\/09\/06_Embarque2025-ProgrammeWeb_Alliages.jpg 1240w, https:\/\/collectif-impulsion.fr\/wp-content\/uploads\/2025\/09\/06_Embarque2025-ProgrammeWeb_Alliages-213x300.jpg 213w, https:\/\/collectif-impulsion.fr\/wp-content\/uploads\/2025\/09\/06_Embarque2025-ProgrammeWeb_Alliages-726x1024.jpg 726w, https:\/\/collectif-impulsion.fr\/wp-content\/uploads\/2025\/09\/06_Embarque2025-ProgrammeWeb_Alliages-768x1083.jpg 768w, https:\/\/collectif-impulsion.fr\/wp-content\/uploads\/2025\/09\/06_Embarque2025-ProgrammeWeb_Alliages-1090x1536.jpg 1090w\" sizes=\"(max-width: 1240px) 100vw, 1240px\" \/><\/a><\/figure>\n\n\n\n<figure class=\"wp-block-image size-full\" id=\"img4\"><a href=\"https:\/\/collectif-impulsion.fr\/wp-content\/uploads\/2025\/09\/07_Embarque2025-ProgrammeWeb_GrosCalin.jpg\"><img loading=\"lazy\" decoding=\"async\" width=\"1240\" height=\"1748\" data-id=\"1815\" src=\"https:\/\/collectif-impulsion.fr\/wp-content\/uploads\/2025\/09\/07_Embarque2025-ProgrammeWeb_GrosCalin.jpg\" alt=\"\" class=\"wp-image-1815\" srcset=\"https:\/\/collectif-impulsion.fr\/wp-content\/uploads\/2025\/09\/07_Embarque2025-ProgrammeWeb_GrosCalin.jpg 1240w, https:\/\/collectif-impulsion.fr\/wp-content\/uploads\/2025\/09\/07_Embarque2025-ProgrammeWeb_GrosCalin-213x300.jpg 213w, https:\/\/collectif-impulsion.fr\/wp-content\/uploads\/2025\/09\/07_Embarque2025-ProgrammeWeb_GrosCalin-726x1024.jpg 726w, https:\/\/collectif-impulsion.fr\/wp-content\/uploads\/2025\/09\/07_Embarque2025-ProgrammeWeb_GrosCalin-768x1083.jpg 768w, https:\/\/collectif-impulsion.fr\/wp-content\/uploads\/2025\/09\/07_Embarque2025-ProgrammeWeb_GrosCalin-1090x1536.jpg 1090w\" sizes=\"(max-width: 1240px) 100vw, 1240px\" \/><\/a><\/figure>\n\n\n\n<figure class=\"wp-block-image size-full\" id=\"img4\"><a href=\"https:\/\/collectif-impulsion.fr\/wp-content\/uploads\/2025\/09\/08_Embarque2025-ProgrammeWeb_MusiqueEtPoesie.jpg\"><img loading=\"lazy\" decoding=\"async\" width=\"1240\" height=\"1748\" data-id=\"1816\" src=\"https:\/\/collectif-impulsion.fr\/wp-content\/uploads\/2025\/09\/08_Embarque2025-ProgrammeWeb_MusiqueEtPoesie.jpg\" alt=\"\" class=\"wp-image-1816\" srcset=\"https:\/\/collectif-impulsion.fr\/wp-content\/uploads\/2025\/09\/08_Embarque2025-ProgrammeWeb_MusiqueEtPoesie.jpg 1240w, https:\/\/collectif-impulsion.fr\/wp-content\/uploads\/2025\/09\/08_Embarque2025-ProgrammeWeb_MusiqueEtPoesie-213x300.jpg 213w, https:\/\/collectif-impulsion.fr\/wp-content\/uploads\/2025\/09\/08_Embarque2025-ProgrammeWeb_MusiqueEtPoesie-726x1024.jpg 726w, https:\/\/collectif-impulsion.fr\/wp-content\/uploads\/2025\/09\/08_Embarque2025-ProgrammeWeb_MusiqueEtPoesie-768x1083.jpg 768w, https:\/\/collectif-impulsion.fr\/wp-content\/uploads\/2025\/09\/08_Embarque2025-ProgrammeWeb_MusiqueEtPoesie-1090x1536.jpg 1090w\" sizes=\"(max-width: 1240px) 100vw, 1240px\" \/><\/a><\/figure>\n<\/figure>\n","protected":false},"excerpt":{"rendered":"<p>Ces images sont tir\u00e9es du programme. Vous pouvez le voir et le t\u00e9l\u00e9charger en cliquant ici : acc\u00e9der au programme Cliquez sur l&rsquo;image pour l&rsquo;agrandir<\/p>\n","protected":false},"author":3,"featured_media":0,"parent":645,"menu_order":0,"comment_status":"closed","ping_status":"closed","template":"","meta":{"_EventAllDay":false,"_EventTimezone":"","_EventStartDate":"","_EventEndDate":"","_EventStartDateUTC":"","_EventEndDateUTC":"","_EventShowMap":false,"_EventShowMapLink":false,"_EventURL":"","_EventCost":"","_EventCostDescription":"","_EventCurrencySymbol":"","_EventCurrencyCode":"","_EventCurrencyPosition":"","_EventDateTimeSeparator":"","_EventTimeRangeSeparator":"","_EventOrganizerID":[],"_EventVenueID":[],"_OrganizerEmail":"","_OrganizerPhone":"","_OrganizerWebsite":"","_VenueAddress":"","_VenueCity":"","_VenueCountry":"","_VenueProvince":"","_VenueState":"","_VenueZip":"","_VenuePhone":"","_VenueURL":"","_VenueStateProvince":"","_VenueLat":"","_VenueLng":"","_VenueShowMap":false,"_VenueShowMapLink":false,"footnotes":""},"_links":{"self":[{"href":"https:\/\/collectif-impulsion.fr\/index.php\/wp-json\/wp\/v2\/pages\/774"}],"collection":[{"href":"https:\/\/collectif-impulsion.fr\/index.php\/wp-json\/wp\/v2\/pages"}],"about":[{"href":"https:\/\/collectif-impulsion.fr\/index.php\/wp-json\/wp\/v2\/types\/page"}],"author":[{"embeddable":true,"href":"https:\/\/collectif-impulsion.fr\/index.php\/wp-json\/wp\/v2\/users\/3"}],"replies":[{"embeddable":true,"href":"https:\/\/collectif-impulsion.fr\/index.php\/wp-json\/wp\/v2\/comments?post=774"}],"version-history":[{"count":43,"href":"https:\/\/collectif-impulsion.fr\/index.php\/wp-json\/wp\/v2\/pages\/774\/revisions"}],"predecessor-version":[{"id":1851,"href":"https:\/\/collectif-impulsion.fr\/index.php\/wp-json\/wp\/v2\/pages\/774\/revisions\/1851"}],"up":[{"embeddable":true,"href":"https:\/\/collectif-impulsion.fr\/index.php\/wp-json\/wp\/v2\/pages\/645"}],"wp:attachment":[{"href":"https:\/\/collectif-impulsion.fr\/index.php\/wp-json\/wp\/v2\/media?parent=774"}],"curies":[{"name":"wp","href":"https:\/\/api.w.org\/{rel}","templated":true}]}}