{"id":892,"date":"2020-07-05T22:01:48","date_gmt":"2020-07-05T20:01:48","guid":{"rendered":"http:\/\/collectif-impulsion.fr\/?page_id=892"},"modified":"2024-08-07T22:55:05","modified_gmt":"2024-08-07T20:55:05","slug":"infos-pratiques","status":"publish","type":"page","link":"https:\/\/collectif-impulsion.fr\/index.php\/festival-embarque\/infos-pratiques\/","title":{"rendered":"Infos pratiques"},"content":{"rendered":"\n<h2 class=\"wp-block-heading has-primary-color has-text-color\">Prix des billets<\/h2>\n\n\n\n<div class=\"wp-block-columns is-layout-flex wp-container-core-columns-is-layout-1 wp-block-columns-is-layout-flex\">\n<div class=\"wp-block-column is-layout-flow wp-block-column-is-layout-flow\" style=\"flex-basis:66.66%\">\n<ul>\n<li><strong>Concerts<\/strong><br>Tarif plein : 15 \u20ac \/ Tarif r\u00e9duit : 10 \u20ac \/ &#8211; 16 ans : 5 \u20ac<\/li>\n\n\n\n<li><strong>MusicAnima 2 <\/strong><br>Adultes : 10 \u20ac \/ &#8211; 16 ans : 5 \u20ac<\/li>\n\n\n\n<li><strong>Pass pour le samedi 28 septembre<\/strong><br>Tarif plein : 20\u20ac \/ Tarif r\u00e9duit : 12\u20ac \/ -16 ans : 7\u20ac.<\/li>\n\n\n\n<li><strong>Pass pour le dimanche 29 septembre<\/strong><br>Tarif plein : 20\u20ac \/ Tarif r\u00e9duit : 12\u20ac \/ -16 ans : 7\u20ac.<\/li>\n\n\n\n<li><strong>Pass Festival<strong>, acc\u00e8s \u00e0 tous les concerts, toutes les activit\u00e9s<\/strong><\/strong> : <br>Tarif plein 45 \u20ac \/ Tarif r\u00e9duit : 30 \u20ac.<br><\/li>\n\n\n\n<li><strong style=\"background-color: var(--page-background-color); color: var(--text-color); font-family: var(--text-font); font-size: 1.125rem;\"><strong>Installation et rencontre : acc\u00e8s libre.<\/strong><\/strong><\/li>\n<\/ul>\n\n\n\n<p>Le tarif r\u00e9duit s\u2019applique aux moins de 26 ans,<br>demandeurs d\u2019emploi, b\u00e9n\u00e9ficiaires des minima<br>sociaux.<\/p>\n<\/div>\n\n\n\n<div class=\"wp-block-column is-layout-flow wp-block-column-is-layout-flow\" style=\"flex-basis:33.33%\">\n<figure class=\"wp-block-image size-full\"><img loading=\"lazy\" decoding=\"async\" width=\"800\" height=\"800\" src=\"https:\/\/collectif-impulsion.fr\/wp-content\/uploads\/2021\/07\/IMPULSION-LOGO-RVB-WEB800x800px.jpg\" alt=\"\" class=\"wp-image-1175\" srcset=\"https:\/\/collectif-impulsion.fr\/wp-content\/uploads\/2021\/07\/IMPULSION-LOGO-RVB-WEB800x800px.jpg 800w, https:\/\/collectif-impulsion.fr\/wp-content\/uploads\/2021\/07\/IMPULSION-LOGO-RVB-WEB800x800px-300x300.jpg 300w, https:\/\/collectif-impulsion.fr\/wp-content\/uploads\/2021\/07\/IMPULSION-LOGO-RVB-WEB800x800px-150x150.jpg 150w, https:\/\/collectif-impulsion.fr\/wp-content\/uploads\/2021\/07\/IMPULSION-LOGO-RVB-WEB800x800px-768x768.jpg 768w\" sizes=\"(max-width: 800px) 100vw, 800px\" \/><\/figure>\n<\/div>\n<\/div>\n\n\n\n<h2 class=\"wp-block-heading has-primary-color has-text-color\">R\u00e9servations<\/h2>\n\n\n\n<p><strong>R\u00e9servation indispensable<\/strong><br><strong>sur<\/strong> <strong><a href=\"https:\/\/www.helloasso.com\/associations\/collectif-impulsion\/evenements\/festival-embarque-un-nouveau-souffle-2024\">HelloAsso<\/a><\/strong><\/p>\n\n\n\n<p>ou par mail ou t\u00e9l : <a href=\"mailto:impulsio.sons@gmail.com\">impulsion.sons@gmail.com<\/a> ou <strong>07 67 01 25 15<\/strong><\/p>\n\n\n\n<h2 class=\"wp-block-heading has-primary-color has-text-color\">Adresses<\/h2>\n\n\n\n<h3 class=\"wp-block-heading\">Les trav\u00e9es<\/h3>\n\n\n\n<p>9,Rue du Dr. Vinot<br> 91260 Juvisy S\/Orge<\/p>\n\n\n\n<h2 class=\"wp-block-heading\">ANAS<\/h2>\n\n\n\n<p>14, Clos de la Cath\u00e9drale<br> 91000 \u00c9vry-Courcouronnes<\/p>\n\n\n\n<h2 class=\"wp-block-heading\">Le Grand Veneur<\/h2>\n\n\n\n<p>18, Rue du Grand Veneur<br>91450 Soisy-sur-Seine<\/p>\n\n\n\n<p><br><\/p>\n\n\n\n<p><br><\/p>\n\n\n\n<iframe loading=\"lazy\" width=\"100%\" height=\"500px\" frameborder=\"0\" allowfullscreen allow=\"geolocation\" src=\"\/\/umap.openstreetmap.fr\/fr\/map\/carte-festival-embarque-2024_1101839?scaleControl=false&#038;miniMap=false&#038;scrollWheelZoom=false&#038;zoomControl=true&#038;editMode=disabled&#038;moreControl=true&#038;searchControl=null&#038;tilelayersControl=null&#038;embedControl=null&#038;datalayersControl=true&#038;onLoadPanel=none&#038;captionBar=false&#038;captionMenus=true\"><\/iframe><p><a href=\"\/\/umap.openstreetmap.fr\/fr\/map\/carte-festival-embarque-2024_1101839?scaleControl=false&#038;miniMap=false&#038;scrollWheelZoom=true&#038;zoomControl=true&#038;editMode=disabled&#038;moreControl=true&#038;searchControl=null&#038;tilelayersControl=null&#038;embedControl=null&#038;datalayersControl=true&#038;onLoadPanel=none&#038;captionBar=false&#038;captionMenus=true\">Voir en plein \u00e9cran<\/a><\/p>\n","protected":false},"excerpt":{"rendered":"<p>Prix des billets Le tarif r\u00e9duit s\u2019applique aux moins de 26 ans,demandeurs d\u2019emploi, b\u00e9n\u00e9ficiaires des minimasociaux. R\u00e9servations R\u00e9servation indispensablesur HelloAsso ou par mail ou t\u00e9l : impulsion.sons@gmail.com ou 07 67 01 25 15 Adresses Les trav\u00e9es 9,Rue du Dr. Vinot 91260 Juvisy S\/Orge ANAS 14, Clos de la Cath\u00e9drale 91000&hellip; <a class=\"read-more-link\" href=\"https:\/\/collectif-impulsion.fr\/index.php\/festival-embarque\/infos-pratiques\/\">Lire la suite<\/a><\/p>\n","protected":false},"author":3,"featured_media":0,"parent":645,"menu_order":0,"comment_status":"closed","ping_status":"closed","template":"","meta":{"_EventAllDay":false,"_EventTimezone":"","_EventStartDate":"","_EventEndDate":"","_EventStartDateUTC":"","_EventEndDateUTC":"","_EventShowMap":false,"_EventShowMapLink":false,"_EventURL":"","_EventCost":"","_EventCostDescription":"","_EventCurrencySymbol":"","_EventCurrencyCode":"","_EventCurrencyPosition":"","_EventDateTimeSeparator":"","_EventTimeRangeSeparator":"","_EventOrganizerID":[],"_EventVenueID":[],"_OrganizerEmail":"","_OrganizerPhone":"","_OrganizerWebsite":"","_VenueAddress":"","_VenueCity":"","_VenueCountry":"","_VenueProvince":"","_VenueState":"","_VenueZip":"","_VenuePhone":"","_VenueURL":"","_VenueStateProvince":"","_VenueLat":"","_VenueLng":"","_VenueShowMap":false,"_VenueShowMapLink":false,"footnotes":""},"_links":{"self":[{"href":"https:\/\/collectif-impulsion.fr\/index.php\/wp-json\/wp\/v2\/pages\/892"}],"collection":[{"href":"https:\/\/collectif-impulsion.fr\/index.php\/wp-json\/wp\/v2\/pages"}],"about":[{"href":"https:\/\/collectif-impulsion.fr\/index.php\/wp-json\/wp\/v2\/types\/page"}],"author":[{"embeddable":true,"href":"https:\/\/collectif-impulsion.fr\/index.php\/wp-json\/wp\/v2\/users\/3"}],"replies":[{"embeddable":true,"href":"https:\/\/collectif-impulsion.fr\/index.php\/wp-json\/wp\/v2\/comments?post=892"}],"version-history":[{"count":20,"href":"https:\/\/collectif-impulsion.fr\/index.php\/wp-json\/wp\/v2\/pages\/892\/revisions"}],"predecessor-version":[{"id":1587,"href":"https:\/\/collectif-impulsion.fr\/index.php\/wp-json\/wp\/v2\/pages\/892\/revisions\/1587"}],"up":[{"embeddable":true,"href":"https:\/\/collectif-impulsion.fr\/index.php\/wp-json\/wp\/v2\/pages\/645"}],"wp:attachment":[{"href":"https:\/\/collectif-impulsion.fr\/index.php\/wp-json\/wp\/v2\/media?parent=892"}],"curies":[{"name":"wp","href":"https:\/\/api.w.org\/{rel}","templated":true}]}}